{"id":454,"date":"2023-05-12T10:21:38","date_gmt":"2023-05-12T13:21:38","guid":{"rendered":"https:\/\/semanarural.ufrrj.br\/2024\/?page_id=454"},"modified":"2024-05-31T10:03:27","modified_gmt":"2024-05-31T13:03:27","slug":"documentos","status":"publish","type":"page","link":"https:\/\/semanarural.ufrrj.br\/2024\/documentos\/","title":{"rendered":"Documentos"},"content":{"rendered":"\n<div style=\"height:52px\" aria-hidden=\"true\" class=\"wp-block-spacer\"><\/div>\n\n\n\n<h3 class=\"wp-block-heading\">Editais<\/h3>\n\n\n\n<div class=\"wp-block-file\"><a id=\"wp-block-file--media-4b72b405-8677-4901-a8d3-71e7e16078fd\" href=\"https:\/\/semanarural.ufrrj.br\/2024\/wp-content\/uploads\/sites\/3\/2024\/05\/Edital-Chamento-Publico-Espacos-Alimenteacao-e-Entretenimento-Semana-Rural-21-05-2024.pdf\">Edital Chamento P\u00fablico &#8211; Espa\u00e7os Alimenta\u00e7\u00e3o e Entretenimento &#8211; Semana Rural 2024<\/a><a href=\"https:\/\/semanarural.ufrrj.br\/2024\/wp-content\/uploads\/sites\/3\/2024\/05\/Edital-Chamento-Publico-Espacos-Alimenteacao-e-Entretenimento-Semana-Rural-21-05-2024.pdf\" class=\"wp-block-file__button wp-element-button\" download aria-describedby=\"wp-block-file--media-4b72b405-8677-4901-a8d3-71e7e16078fd\">Baixar<\/a><\/div>\n\n\n\n<div class=\"wp-block-file\"><a id=\"wp-block-file--media-55d23315-22bb-4973-b62c-34770e60d6cb\" href=\"https:\/\/semanarural.ufrrj.br\/2024\/wp-content\/uploads\/sites\/3\/2024\/02\/Edital-Proext-05-2024-Semana-Rural-2024-ACOES-DIVERSAS.pdf\"><strong>EDITAL PROEXT N\u00ba 05\/2024 &#8211; INSCRI\u00c7\u00d5ES DE ATIVIDADES DE EXTENS\u00c3O NA SEMANA<\/strong> <strong>RURAL<\/strong><\/a><a href=\"https:\/\/semanarural.ufrrj.br\/2024\/wp-content\/uploads\/sites\/3\/2024\/02\/Edital-Proext-05-2024-Semana-Rural-2024-ACOES-DIVERSAS.pdf\" class=\"wp-block-file__button wp-element-button\" download aria-describedby=\"wp-block-file--media-55d23315-22bb-4973-b62c-34770e60d6cb\">Baixar<\/a><\/div>\n\n\n\n<div class=\"wp-block-file\"><a id=\"wp-block-file--media-8f80cb60-295e-45cc-9347-b08e91e3a4ce\" href=\"https:\/\/semanarural.ufrrj.br\/2024\/wp-content\/uploads\/sites\/3\/2024\/02\/Edital-Proext-06-2024-Semana-Rural-2024-OFICINAS-E-MINICURSOS.pdf\"><strong>EDITAL PROEXT N\u00ba 06 \/2024 \u2013 INSCRI\u00c7\u00c3O PARA REALIZA\u00c7\u00c3O DE OFICINAS E<\/strong><br><strong>MINICURSOS<\/strong><\/a><a href=\"https:\/\/semanarural.ufrrj.br\/2024\/wp-content\/uploads\/sites\/3\/2024\/02\/Edital-Proext-06-2024-Semana-Rural-2024-OFICINAS-E-MINICURSOS.pdf\" class=\"wp-block-file__button wp-element-button\" download aria-describedby=\"wp-block-file--media-8f80cb60-295e-45cc-9347-b08e91e3a4ce\">Baixar<\/a><\/div>\n\n\n\n<div style=\"height:100px\" aria-hidden=\"true\" class=\"wp-block-spacer\"><\/div>\n\n\n\n<h3 class=\"wp-block-heading\">Resultado<\/h3>\n\n\n\n<div class=\"wp-block-file\"><a id=\"wp-block-file--media-75a1ad83-c6ee-40a0-91ec-870d1b1c2e3a\" href=\"https:\/\/semanarural.ufrrj.br\/2024\/wp-content\/uploads\/sites\/3\/2024\/05\/Resultado-Preliminar-Espacos-Alimentencao-e-Entretenimento.pdf\">Resultado Final Espa\u00e7os &#8211; Alimenta\u00e7\u00e3o e Entretenimento<\/a><a href=\"https:\/\/semanarural.ufrrj.br\/2024\/wp-content\/uploads\/sites\/3\/2024\/05\/Resultado-Preliminar-Espacos-Alimentencao-e-Entretenimento.pdf\" class=\"wp-block-file__button wp-element-button\" download aria-describedby=\"wp-block-file--media-75a1ad83-c6ee-40a0-91ec-870d1b1c2e3a\">Baixar<\/a><\/div>\n\n\n\n<div class=\"wp-block-file\"><a id=\"wp-block-file--media-5872391f-380a-47da-9bb6-b77587414c9f\" href=\"https:\/\/semanarural.ufrrj.br\/2024\/wp-content\/uploads\/sites\/3\/2024\/05\/Inscricoes-Edital-Discentes-Minifazenda_final.pdf\">Resultado Final Discentes Minifazenda<\/a><a href=\"https:\/\/semanarural.ufrrj.br\/2024\/wp-content\/uploads\/sites\/3\/2024\/05\/Inscricoes-Edital-Discentes-Minifazenda_final.pdf\" class=\"wp-block-file__button wp-element-button\" download aria-describedby=\"wp-block-file--media-5872391f-380a-47da-9bb6-b77587414c9f\">Baixar<\/a><\/div>\n\n\n\n<div class=\"wp-block-file\"><a id=\"wp-block-file--media-6aa5475f-720d-41ea-80eb-e6ecc71bb6cb\" href=\"https:\/\/semanarural.ufrrj.br\/2024\/wp-content\/uploads\/sites\/3\/2024\/05\/Resultado-Final-Edital-Discentes-Organizacao-1.pdf\">Resultado Final Edital Discentes Organizacao<\/a><a href=\"https:\/\/semanarural.ufrrj.br\/2024\/wp-content\/uploads\/sites\/3\/2024\/05\/Resultado-Final-Edital-Discentes-Organizacao-1.pdf\" class=\"wp-block-file__button wp-element-button\" download aria-describedby=\"wp-block-file--media-6aa5475f-720d-41ea-80eb-e6ecc71bb6cb\">Baixar<\/a><\/div>\n\n\n\n<div class=\"wp-block-file\"><a id=\"wp-block-file--media-fa673038-2748-4a5e-a3d6-aefa2767da3b\" href=\"https:\/\/semanarural.ufrrj.br\/2024\/wp-content\/uploads\/sites\/3\/2024\/05\/Resultado-Final-Discentes-Torneio-Esportivo.pdf\">Resultado Final Discentes Torneio Esportivo<\/a><a href=\"https:\/\/semanarural.ufrrj.br\/2024\/wp-content\/uploads\/sites\/3\/2024\/05\/Resultado-Final-Discentes-Torneio-Esportivo.pdf\" class=\"wp-block-file__button wp-element-button\" download aria-describedby=\"wp-block-file--media-fa673038-2748-4a5e-a3d6-aefa2767da3b\">Baixar<\/a><\/div>\n\n\n\n<div class=\"wp-block-file\"><a id=\"wp-block-file--media-e816c381-0621-470b-94be-1b02d619040f\" href=\"https:\/\/semanarural.ufrrj.br\/2024\/wp-content\/uploads\/sites\/3\/2024\/05\/Edital-AT-Audiovisual-Resultado-Final.pdf\">Edital AT Audiovisual Resultado Final<\/a><a href=\"https:\/\/semanarural.ufrrj.br\/2024\/wp-content\/uploads\/sites\/3\/2024\/05\/Edital-AT-Audiovisual-Resultado-Final.pdf\" class=\"wp-block-file__button wp-element-button\" download aria-describedby=\"wp-block-file--media-e816c381-0621-470b-94be-1b02d619040f\">Baixar<\/a><\/div>\n\n\n\n<div style=\"height:35px\" aria-hidden=\"true\" class=\"wp-block-spacer\"><\/div>\n\n\n\n<div style=\"height:100px\" aria-hidden=\"true\" class=\"wp-block-spacer\"><\/div>\n","protected":false},"excerpt":{"rendered":"<p>Editais Resultado<\/p>\n","protected":false},"author":1,"featured_media":0,"parent":0,"menu_order":0,"comment_status":"closed","ping_status":"closed","template":"","meta":{"footnotes":""},"class_list":["post-454","page","type-page","status-publish","hentry"],"yoast_head":"<!-- This site is optimized with the Yoast SEO plugin v27.2 - https:\/\/yoast.com\/product\/yoast-seo-wordpress\/ -->\n<title>Documentos - Semana Rural 2024<\/title>\n<meta name=\"robots\" content=\"index, follow, max-snippet:-1, max-image-preview:large, max-video-preview:-1\" \/>\n<link rel=\"canonical\" href=\"https:\/\/semanarural.ufrrj.br\/2024\/documentos\/\" \/>\n<meta property=\"og:locale\" content=\"pt_BR\" \/>\n<meta property=\"og:type\" content=\"article\" \/>\n<meta property=\"og:title\" content=\"Documentos - Semana Rural 2024\" \/>\n<meta property=\"og:description\" content=\"Editais Resultado\" \/>\n<meta property=\"og:url\" content=\"https:\/\/semanarural.ufrrj.br\/2024\/documentos\/\" \/>\n<meta property=\"og:site_name\" content=\"Semana Rural 2024\" \/>\n<meta property=\"article:publisher\" content=\"https:\/\/www.facebook.com\/profile.php?id=100092434855415\" \/>\n<meta property=\"article:modified_time\" content=\"2024-05-31T13:03:27+00:00\" \/>\n<meta name=\"twitter:card\" content=\"summary_large_image\" \/>\n<meta name=\"twitter:label1\" content=\"Est. tempo de leitura\" \/>\n\t<meta name=\"twitter:data1\" content=\"1 minuto\" \/>\n<script type=\"application\/ld+json\" class=\"yoast-schema-graph\">{\"@context\":\"https:\/\/schema.org\",\"@graph\":[{\"@type\":\"WebPage\",\"@id\":\"https:\/\/semanarural.ufrrj.br\/2024\/documentos\/\",\"url\":\"https:\/\/semanarural.ufrrj.br\/2024\/documentos\/\",\"name\":\"Documentos - Semana Rural 2024\",\"isPartOf\":{\"@id\":\"https:\/\/semanarural.ufrrj.br\/2024\/#website\"},\"datePublished\":\"2023-05-12T13:21:38+00:00\",\"dateModified\":\"2024-05-31T13:03:27+00:00\",\"breadcrumb\":{\"@id\":\"https:\/\/semanarural.ufrrj.br\/2024\/documentos\/#breadcrumb\"},\"inLanguage\":\"pt-BR\",\"potentialAction\":[{\"@type\":\"ReadAction\",\"target\":[\"https:\/\/semanarural.ufrrj.br\/2024\/documentos\/\"]}]},{\"@type\":\"BreadcrumbList\",\"@id\":\"https:\/\/semanarural.ufrrj.br\/2024\/documentos\/#breadcrumb\",\"itemListElement\":[{\"@type\":\"ListItem\",\"position\":1,\"name\":\"In\u00edcio\",\"item\":\"https:\/\/semanarural.ufrrj.br\/2024\/\"},{\"@type\":\"ListItem\",\"position\":2,\"name\":\"Documentos\"}]},{\"@type\":\"WebSite\",\"@id\":\"https:\/\/semanarural.ufrrj.br\/2024\/#website\",\"url\":\"https:\/\/semanarural.ufrrj.br\/2024\/\",\"name\":\"Semana Rural 2024\",\"description\":\"\",\"potentialAction\":[{\"@type\":\"SearchAction\",\"target\":{\"@type\":\"EntryPoint\",\"urlTemplate\":\"https:\/\/semanarural.ufrrj.br\/2024\/?s={search_term_string}\"},\"query-input\":{\"@type\":\"PropertyValueSpecification\",\"valueRequired\":true,\"valueName\":\"search_term_string\"}}],\"inLanguage\":\"pt-BR\"}]}<\/script>\n<!-- \/ Yoast SEO plugin. -->","yoast_head_json":{"title":"Documentos - Semana Rural 2024","robots":{"index":"index","follow":"follow","max-snippet":"max-snippet:-1","max-image-preview":"max-image-preview:large","max-video-preview":"max-video-preview:-1"},"canonical":"https:\/\/semanarural.ufrrj.br\/2024\/documentos\/","og_locale":"pt_BR","og_type":"article","og_title":"Documentos - Semana Rural 2024","og_description":"Editais Resultado","og_url":"https:\/\/semanarural.ufrrj.br\/2024\/documentos\/","og_site_name":"Semana Rural 2024","article_publisher":"https:\/\/www.facebook.com\/profile.php?id=100092434855415","article_modified_time":"2024-05-31T13:03:27+00:00","twitter_card":"summary_large_image","twitter_misc":{"Est. tempo de leitura":"1 minuto"},"schema":{"@context":"https:\/\/schema.org","@graph":[{"@type":"WebPage","@id":"https:\/\/semanarural.ufrrj.br\/2024\/documentos\/","url":"https:\/\/semanarural.ufrrj.br\/2024\/documentos\/","name":"Documentos - Semana Rural 2024","isPartOf":{"@id":"https:\/\/semanarural.ufrrj.br\/2024\/#website"},"datePublished":"2023-05-12T13:21:38+00:00","dateModified":"2024-05-31T13:03:27+00:00","breadcrumb":{"@id":"https:\/\/semanarural.ufrrj.br\/2024\/documentos\/#breadcrumb"},"inLanguage":"pt-BR","potentialAction":[{"@type":"ReadAction","target":["https:\/\/semanarural.ufrrj.br\/2024\/documentos\/"]}]},{"@type":"BreadcrumbList","@id":"https:\/\/semanarural.ufrrj.br\/2024\/documentos\/#breadcrumb","itemListElement":[{"@type":"ListItem","position":1,"name":"In\u00edcio","item":"https:\/\/semanarural.ufrrj.br\/2024\/"},{"@type":"ListItem","position":2,"name":"Documentos"}]},{"@type":"WebSite","@id":"https:\/\/semanarural.ufrrj.br\/2024\/#website","url":"https:\/\/semanarural.ufrrj.br\/2024\/","name":"Semana Rural 2024","description":"","potentialAction":[{"@type":"SearchAction","target":{"@type":"EntryPoint","urlTemplate":"https:\/\/semanarural.ufrrj.br\/2024\/?s={search_term_string}"},"query-input":{"@type":"PropertyValueSpecification","valueRequired":true,"valueName":"search_term_string"}}],"inLanguage":"pt-BR"}]}},"_links":{"self":[{"href":"https:\/\/semanarural.ufrrj.br\/2024\/wp-json\/wp\/v2\/pages\/454","targetHints":{"allow":["GET"]}}],"collection":[{"href":"https:\/\/semanarural.ufrrj.br\/2024\/wp-json\/wp\/v2\/pages"}],"about":[{"href":"https:\/\/semanarural.ufrrj.br\/2024\/wp-json\/wp\/v2\/types\/page"}],"author":[{"embeddable":true,"href":"https:\/\/semanarural.ufrrj.br\/2024\/wp-json\/wp\/v2\/users\/1"}],"replies":[{"embeddable":true,"href":"https:\/\/semanarural.ufrrj.br\/2024\/wp-json\/wp\/v2\/comments?post=454"}],"version-history":[{"count":30,"href":"https:\/\/semanarural.ufrrj.br\/2024\/wp-json\/wp\/v2\/pages\/454\/revisions"}],"predecessor-version":[{"id":1244,"href":"https:\/\/semanarural.ufrrj.br\/2024\/wp-json\/wp\/v2\/pages\/454\/revisions\/1244"}],"wp:attachment":[{"href":"https:\/\/semanarural.ufrrj.br\/2024\/wp-json\/wp\/v2\/media?parent=454"}],"curies":[{"name":"wp","href":"https:\/\/api.w.org\/{rel}","templated":true}]}}