{"id":1136,"date":"2024-05-16T21:23:40","date_gmt":"2024-05-17T00:23:40","guid":{"rendered":"https:\/\/semanarural.ufrrj.br\/2025\/?page_id=1136"},"modified":"2025-06-03T15:33:08","modified_gmt":"2025-06-03T18:33:08","slug":"programacao-de-cursos","status":"publish","type":"page","link":"https:\/\/semanarural.ufrrj.br\/2025\/programacao-de-cursos\/","title":{"rendered":"Programa\u00e7\u00e3o de Cursos"},"content":{"rendered":"\n<p>Clique no t\u00edtulo para saber mais sobre o &#8220;curso&#8221; e &#8220;Inscri\u00e7\u00f5es Abertas!&#8221;<\/p>\n\n\n\n<iframe src=\"https:\/\/calendar.google.com\/calendar\/embed?height=700&#038;wkst=1&#038;ctz=America%2FSao_Paulo&#038;showPrint=0&#038;mode=AGENDA&#038;showCalendars=0&#038;showTitle=0&#038;title=Semana%20Rural%202025%20-%20Programa%C3%A7%C3%A3o%20&#038;src=Y19mNGY2ZjFjNTFjZTdjZDdkNTE5M2VkYzlmMzJiZWZmNzMxMTBiMmNiN2RkOWExZjEzMDVkYTBiN2EwMTY5M2Y0QGdyb3VwLmNhbGVuZGFyLmdvb2dsZS5jb20&#038;color=%237986cb\" style=\"border-width:0\" width=\"100%\" height=\"700\" frameborder=\"0\" scrolling=\"no\"><\/iframe>\n\n\n\n<p><\/p>\n","protected":false},"excerpt":{"rendered":"<p>Clique no t\u00edtulo para saber mais sobre o &#8220;curso&#8221; e &#8220;Inscri\u00e7\u00f5es Abertas!&#8221;<\/p>\n","protected":false},"author":1,"featured_media":0,"parent":0,"menu_order":0,"comment_status":"closed","ping_status":"closed","template":"","meta":{"footnotes":""},"class_list":["post-1136","page","type-page","status-publish","hentry"],"yoast_head":"<!-- This site is optimized with the Yoast SEO plugin v27.2 - https:\/\/yoast.com\/product\/yoast-seo-wordpress\/ -->\n<title>Programa\u00e7\u00e3o de Cursos - Rural Semanal 2025<\/title>\n<meta name=\"robots\" content=\"index, follow, max-snippet:-1, max-image-preview:large, max-video-preview:-1\" \/>\n<link rel=\"canonical\" href=\"https:\/\/semanarural.ufrrj.br\/2025\/programacao-de-cursos\/\" \/>\n<meta property=\"og:locale\" content=\"pt_BR\" \/>\n<meta property=\"og:type\" content=\"article\" \/>\n<meta property=\"og:title\" content=\"Programa\u00e7\u00e3o de Cursos - Rural Semanal 2025\" \/>\n<meta property=\"og:description\" content=\"Clique no t\u00edtulo para saber mais sobre o &#8220;curso&#8221; e &#8220;Inscri\u00e7\u00f5es Abertas!&#8221;\" \/>\n<meta property=\"og:url\" content=\"https:\/\/semanarural.ufrrj.br\/2025\/programacao-de-cursos\/\" \/>\n<meta property=\"og:site_name\" content=\"Rural Semanal 2025\" \/>\n<meta property=\"article:publisher\" content=\"https:\/\/www.facebook.com\/profile.php?id=100092434855415\" \/>\n<meta property=\"article:modified_time\" content=\"2025-06-03T18:33:08+00:00\" \/>\n<meta name=\"twitter:card\" content=\"summary_large_image\" \/>\n<meta name=\"twitter:label1\" content=\"Est. tempo de leitura\" \/>\n\t<meta name=\"twitter:data1\" content=\"1 minuto\" \/>\n<script type=\"application\/ld+json\" class=\"yoast-schema-graph\">{\"@context\":\"https:\/\/schema.org\",\"@graph\":[{\"@type\":\"WebPage\",\"@id\":\"https:\/\/semanarural.ufrrj.br\/2025\/programacao-de-cursos\/\",\"url\":\"https:\/\/semanarural.ufrrj.br\/2025\/programacao-de-cursos\/\",\"name\":\"Programa\u00e7\u00e3o de Cursos - Rural Semanal 2025\",\"isPartOf\":{\"@id\":\"https:\/\/semanarural.ufrrj.br\/2025\/#website\"},\"datePublished\":\"2024-05-17T00:23:40+00:00\",\"dateModified\":\"2025-06-03T18:33:08+00:00\",\"breadcrumb\":{\"@id\":\"https:\/\/semanarural.ufrrj.br\/2025\/programacao-de-cursos\/#breadcrumb\"},\"inLanguage\":\"pt-BR\",\"potentialAction\":[{\"@type\":\"ReadAction\",\"target\":[\"https:\/\/semanarural.ufrrj.br\/2025\/programacao-de-cursos\/\"]}]},{\"@type\":\"BreadcrumbList\",\"@id\":\"https:\/\/semanarural.ufrrj.br\/2025\/programacao-de-cursos\/#breadcrumb\",\"itemListElement\":[{\"@type\":\"ListItem\",\"position\":1,\"name\":\"In\u00edcio\",\"item\":\"https:\/\/semanarural.ufrrj.br\/2025\/\"},{\"@type\":\"ListItem\",\"position\":2,\"name\":\"Programa\u00e7\u00e3o de Cursos\"}]},{\"@type\":\"WebSite\",\"@id\":\"https:\/\/semanarural.ufrrj.br\/2025\/#website\",\"url\":\"https:\/\/semanarural.ufrrj.br\/2025\/\",\"name\":\"Rural Semanal 2025\",\"description\":\"\",\"potentialAction\":[{\"@type\":\"SearchAction\",\"target\":{\"@type\":\"EntryPoint\",\"urlTemplate\":\"https:\/\/semanarural.ufrrj.br\/2025\/?s={search_term_string}\"},\"query-input\":{\"@type\":\"PropertyValueSpecification\",\"valueRequired\":true,\"valueName\":\"search_term_string\"}}],\"inLanguage\":\"pt-BR\"}]}<\/script>\n<!-- \/ Yoast SEO plugin. -->","yoast_head_json":{"title":"Programa\u00e7\u00e3o de Cursos - Rural Semanal 2025","robots":{"index":"index","follow":"follow","max-snippet":"max-snippet:-1","max-image-preview":"max-image-preview:large","max-video-preview":"max-video-preview:-1"},"canonical":"https:\/\/semanarural.ufrrj.br\/2025\/programacao-de-cursos\/","og_locale":"pt_BR","og_type":"article","og_title":"Programa\u00e7\u00e3o de Cursos - Rural Semanal 2025","og_description":"Clique no t\u00edtulo para saber mais sobre o &#8220;curso&#8221; e &#8220;Inscri\u00e7\u00f5es Abertas!&#8221;","og_url":"https:\/\/semanarural.ufrrj.br\/2025\/programacao-de-cursos\/","og_site_name":"Rural Semanal 2025","article_publisher":"https:\/\/www.facebook.com\/profile.php?id=100092434855415","article_modified_time":"2025-06-03T18:33:08+00:00","twitter_card":"summary_large_image","twitter_misc":{"Est. tempo de leitura":"1 minuto"},"schema":{"@context":"https:\/\/schema.org","@graph":[{"@type":"WebPage","@id":"https:\/\/semanarural.ufrrj.br\/2025\/programacao-de-cursos\/","url":"https:\/\/semanarural.ufrrj.br\/2025\/programacao-de-cursos\/","name":"Programa\u00e7\u00e3o de Cursos - Rural Semanal 2025","isPartOf":{"@id":"https:\/\/semanarural.ufrrj.br\/2025\/#website"},"datePublished":"2024-05-17T00:23:40+00:00","dateModified":"2025-06-03T18:33:08+00:00","breadcrumb":{"@id":"https:\/\/semanarural.ufrrj.br\/2025\/programacao-de-cursos\/#breadcrumb"},"inLanguage":"pt-BR","potentialAction":[{"@type":"ReadAction","target":["https:\/\/semanarural.ufrrj.br\/2025\/programacao-de-cursos\/"]}]},{"@type":"BreadcrumbList","@id":"https:\/\/semanarural.ufrrj.br\/2025\/programacao-de-cursos\/#breadcrumb","itemListElement":[{"@type":"ListItem","position":1,"name":"In\u00edcio","item":"https:\/\/semanarural.ufrrj.br\/2025\/"},{"@type":"ListItem","position":2,"name":"Programa\u00e7\u00e3o de Cursos"}]},{"@type":"WebSite","@id":"https:\/\/semanarural.ufrrj.br\/2025\/#website","url":"https:\/\/semanarural.ufrrj.br\/2025\/","name":"Rural Semanal 2025","description":"","potentialAction":[{"@type":"SearchAction","target":{"@type":"EntryPoint","urlTemplate":"https:\/\/semanarural.ufrrj.br\/2025\/?s={search_term_string}"},"query-input":{"@type":"PropertyValueSpecification","valueRequired":true,"valueName":"search_term_string"}}],"inLanguage":"pt-BR"}]}},"_links":{"self":[{"href":"https:\/\/semanarural.ufrrj.br\/2025\/wp-json\/wp\/v2\/pages\/1136","targetHints":{"allow":["GET"]}}],"collection":[{"href":"https:\/\/semanarural.ufrrj.br\/2025\/wp-json\/wp\/v2\/pages"}],"about":[{"href":"https:\/\/semanarural.ufrrj.br\/2025\/wp-json\/wp\/v2\/types\/page"}],"author":[{"embeddable":true,"href":"https:\/\/semanarural.ufrrj.br\/2025\/wp-json\/wp\/v2\/users\/1"}],"replies":[{"embeddable":true,"href":"https:\/\/semanarural.ufrrj.br\/2025\/wp-json\/wp\/v2\/comments?post=1136"}],"version-history":[{"count":39,"href":"https:\/\/semanarural.ufrrj.br\/2025\/wp-json\/wp\/v2\/pages\/1136\/revisions"}],"predecessor-version":[{"id":1724,"href":"https:\/\/semanarural.ufrrj.br\/2025\/wp-json\/wp\/v2\/pages\/1136\/revisions\/1724"}],"wp:attachment":[{"href":"https:\/\/semanarural.ufrrj.br\/2025\/wp-json\/wp\/v2\/media?parent=1136"}],"curies":[{"name":"wp","href":"https:\/\/api.w.org\/{rel}","templated":true}]}}