{"id":1647,"date":"2025-05-29T08:57:56","date_gmt":"2025-05-29T11:57:56","guid":{"rendered":"https:\/\/semanarural.ufrrj.br\/2025\/?page_id=1647"},"modified":"2025-06-06T18:28:09","modified_gmt":"2025-06-06T21:28:09","slug":"mostra-de-cursos-da-ufrrj","status":"publish","type":"page","link":"https:\/\/semanarural.ufrrj.br\/2025\/mostra-de-cursos-da-ufrrj\/","title":{"rendered":"Mostra de cursos da UFRRJ"},"content":{"rendered":"\t\t<div data-elementor-type=\"wp-page\" data-elementor-id=\"1647\" class=\"elementor elementor-1647\">\n\t\t\t\t\t\t<section class=\"elementor-section elementor-top-section elementor-element elementor-element-f420366 elementor-section-boxed elementor-section-height-default elementor-section-height-default\" data-id=\"f420366\" data-element_type=\"section\" data-e-type=\"section\">\n\t\t\t\t\t\t<div class=\"elementor-container elementor-column-gap-default\">\n\t\t\t\t\t<div class=\"elementor-column elementor-col-100 elementor-top-column elementor-element elementor-element-a9c37b3\" data-id=\"a9c37b3\" data-element_type=\"column\" data-e-type=\"column\">\n\t\t\t<div class=\"elementor-widget-wrap elementor-element-populated\">\n\t\t\t\t\t\t<div class=\"elementor-element elementor-element-5e6fc23 elementor-widget elementor-widget-toggle\" data-id=\"5e6fc23\" data-element_type=\"widget\" data-e-type=\"widget\" data-widget_type=\"toggle.default\">\n\t\t\t\t<div class=\"elementor-widget-container\">\n\t\t\t\t\t\t\t<div class=\"elementor-toggle\">\n\t\t\t\t\t\t\t<div class=\"elementor-toggle-item\">\n\t\t\t\t\t<div id=\"elementor-tab-title-9901\" class=\"elementor-tab-title\" data-tab=\"1\" role=\"button\" aria-controls=\"elementor-tab-content-9901\" aria-expanded=\"false\">\n\t\t\t\t\t\t\t\t\t\t\t\t<span class=\"elementor-toggle-icon elementor-toggle-icon-left\" aria-hidden=\"true\">\n\t\t\t\t\t\t\t\t\t\t\t\t\t\t\t<span class=\"elementor-toggle-icon-closed\"><i class=\"fas fa-caret-right\"><\/i><\/span>\n\t\t\t\t\t\t\t\t<span class=\"elementor-toggle-icon-opened\"><i class=\"elementor-toggle-icon-opened fas fa-caret-up\"><\/i><\/span>\n\t\t\t\t\t\t\t\t\t\t\t\t\t<\/span>\n\t\t\t\t\t\t\t\t\t\t\t\t<a class=\"elementor-toggle-title\" tabindex=\"0\">C\u00e2mpus Serop\u00e9dica <\/a>\n\t\t\t\t\t<\/div>\n\n\t\t\t\t\t<div id=\"elementor-tab-content-9901\" class=\"elementor-tab-content elementor-clearfix\" data-tab=\"1\" role=\"region\" aria-labelledby=\"elementor-tab-title-9901\"><\/div>\n\t\t\t\t<\/div>\n\t\t\t\t\t\t\t<div class=\"elementor-toggle-item\">\n\t\t\t\t\t<div id=\"elementor-tab-title-9902\" class=\"elementor-tab-title\" data-tab=\"2\" role=\"button\" aria-controls=\"elementor-tab-content-9902\" aria-expanded=\"false\">\n\t\t\t\t\t\t\t\t\t\t\t\t<span class=\"elementor-toggle-icon elementor-toggle-icon-left\" aria-hidden=\"true\">\n\t\t\t\t\t\t\t\t\t\t\t\t\t\t\t<span class=\"elementor-toggle-icon-closed\"><i class=\"fas fa-caret-right\"><\/i><\/span>\n\t\t\t\t\t\t\t\t<span class=\"elementor-toggle-icon-opened\"><i class=\"elementor-toggle-icon-opened fas fa-caret-up\"><\/i><\/span>\n\t\t\t\t\t\t\t\t\t\t\t\t\t<\/span>\n\t\t\t\t\t\t\t\t\t\t\t\t<a class=\"elementor-toggle-title\" tabindex=\"0\">C\u00e2mpus Tr\u00eas Rios<\/a>\n\t\t\t\t\t<\/div>\n\n\t\t\t\t\t<div id=\"elementor-tab-content-9902\" class=\"elementor-tab-content elementor-clearfix\" data-tab=\"2\" role=\"region\" aria-labelledby=\"elementor-tab-title-9902\"><\/div>\n\t\t\t\t<\/div>\n\t\t\t\t\t\t\t<div class=\"elementor-toggle-item\">\n\t\t\t\t\t<div id=\"elementor-tab-title-9903\" class=\"elementor-tab-title\" data-tab=\"3\" role=\"button\" aria-controls=\"elementor-tab-content-9903\" aria-expanded=\"false\">\n\t\t\t\t\t\t\t\t\t\t\t\t<span class=\"elementor-toggle-icon elementor-toggle-icon-left\" aria-hidden=\"true\">\n\t\t\t\t\t\t\t\t\t\t\t\t\t\t\t<span class=\"elementor-toggle-icon-closed\"><i class=\"fas fa-caret-right\"><\/i><\/span>\n\t\t\t\t\t\t\t\t<span class=\"elementor-toggle-icon-opened\"><i class=\"elementor-toggle-icon-opened fas fa-caret-up\"><\/i><\/span>\n\t\t\t\t\t\t\t\t\t\t\t\t\t<\/span>\n\t\t\t\t\t\t\t\t\t\t\t\t<a class=\"elementor-toggle-title\" tabindex=\"0\">C\u00e2mpus Nova Igua\u00e7u<\/a>\n\t\t\t\t\t<\/div>\n\n\t\t\t\t\t<div id=\"elementor-tab-content-9903\" class=\"elementor-tab-content elementor-clearfix\" data-tab=\"3\" role=\"region\" aria-labelledby=\"elementor-tab-title-9903\"><p>Conte\u00fado da altern\u00e2ncia<\/p><\/div>\n\t\t\t\t<\/div>\n\t\t\t\t\t\t\t\t<\/div>\n\t\t\t\t\t\t<\/div>\n\t\t\t\t<\/div>\n\t\t\t\t\t<\/div>\n\t\t<\/div>\n\t\t\t\t\t<\/div>\n\t\t<\/section>\n\t\t\t\t<\/div>\n\t\t","protected":false},"excerpt":{"rendered":"<p>C\u00e2mpus Serop\u00e9dica C\u00e2mpus Tr\u00eas Rios C\u00e2mpus Nova Igua\u00e7u Conte\u00fado da altern\u00e2ncia<\/p>\n","protected":false},"author":1,"featured_media":1586,"parent":0,"menu_order":0,"comment_status":"closed","ping_status":"closed","template":"","meta":{"footnotes":""},"class_list":["post-1647","page","type-page","status-publish","has-post-thumbnail","hentry"],"yoast_head":"<!-- This site is optimized with the Yoast SEO plugin v27.2 - https:\/\/yoast.com\/product\/yoast-seo-wordpress\/ -->\n<title>Mostra de cursos da UFRRJ - Rural Semanal 2025<\/title>\n<meta name=\"robots\" content=\"index, follow, max-snippet:-1, max-image-preview:large, max-video-preview:-1\" \/>\n<link rel=\"canonical\" href=\"https:\/\/semanarural.ufrrj.br\/2025\/mostra-de-cursos-da-ufrrj\/\" \/>\n<meta property=\"og:locale\" content=\"pt_BR\" \/>\n<meta property=\"og:type\" content=\"article\" \/>\n<meta property=\"og:title\" content=\"Mostra de cursos da UFRRJ - Rural Semanal 2025\" \/>\n<meta property=\"og:description\" content=\"C\u00e2mpus Serop\u00e9dica C\u00e2mpus Tr\u00eas Rios C\u00e2mpus Nova Igua\u00e7u Conte\u00fado da altern\u00e2ncia\" \/>\n<meta property=\"og:url\" content=\"https:\/\/semanarural.ufrrj.br\/2025\/mostra-de-cursos-da-ufrrj\/\" \/>\n<meta property=\"og:site_name\" content=\"Rural Semanal 2025\" \/>\n<meta property=\"article:publisher\" content=\"https:\/\/www.facebook.com\/profile.php?id=100092434855415\" \/>\n<meta property=\"article:modified_time\" content=\"2025-06-06T21:28:09+00:00\" \/>\n<meta property=\"og:image\" content=\"https:\/\/semanarural.ufrrj.br\/2025\/wp-content\/uploads\/sites\/4\/2025\/03\/2.png\" \/>\n\t<meta property=\"og:image:width\" content=\"2048\" \/>\n\t<meta property=\"og:image:height\" content=\"1365\" \/>\n\t<meta property=\"og:image:type\" content=\"image\/png\" \/>\n<meta name=\"twitter:card\" content=\"summary_large_image\" \/>\n<meta name=\"twitter:label1\" content=\"Est. tempo de leitura\" \/>\n\t<meta name=\"twitter:data1\" content=\"1 minuto\" \/>\n<script type=\"application\/ld+json\" class=\"yoast-schema-graph\">{\"@context\":\"https:\/\/schema.org\",\"@graph\":[{\"@type\":\"WebPage\",\"@id\":\"https:\/\/semanarural.ufrrj.br\/2025\/mostra-de-cursos-da-ufrrj\/\",\"url\":\"https:\/\/semanarural.ufrrj.br\/2025\/mostra-de-cursos-da-ufrrj\/\",\"name\":\"Mostra de cursos da UFRRJ - Rural Semanal 2025\",\"isPartOf\":{\"@id\":\"https:\/\/semanarural.ufrrj.br\/2025\/#website\"},\"primaryImageOfPage\":{\"@id\":\"https:\/\/semanarural.ufrrj.br\/2025\/mostra-de-cursos-da-ufrrj\/#primaryimage\"},\"image\":{\"@id\":\"https:\/\/semanarural.ufrrj.br\/2025\/mostra-de-cursos-da-ufrrj\/#primaryimage\"},\"thumbnailUrl\":\"https:\/\/semanarural.ufrrj.br\/2025\/wp-content\/uploads\/sites\/4\/2025\/03\/2.png\",\"datePublished\":\"2025-05-29T11:57:56+00:00\",\"dateModified\":\"2025-06-06T21:28:09+00:00\",\"breadcrumb\":{\"@id\":\"https:\/\/semanarural.ufrrj.br\/2025\/mostra-de-cursos-da-ufrrj\/#breadcrumb\"},\"inLanguage\":\"pt-BR\",\"potentialAction\":[{\"@type\":\"ReadAction\",\"target\":[\"https:\/\/semanarural.ufrrj.br\/2025\/mostra-de-cursos-da-ufrrj\/\"]}]},{\"@type\":\"ImageObject\",\"inLanguage\":\"pt-BR\",\"@id\":\"https:\/\/semanarural.ufrrj.br\/2025\/mostra-de-cursos-da-ufrrj\/#primaryimage\",\"url\":\"https:\/\/semanarural.ufrrj.br\/2025\/wp-content\/uploads\/sites\/4\/2025\/03\/2.png\",\"contentUrl\":\"https:\/\/semanarural.ufrrj.br\/2025\/wp-content\/uploads\/sites\/4\/2025\/03\/2.png\",\"width\":2048,\"height\":1365,\"caption\":\"Mostra de Cursos da UFRRJ.\"},{\"@type\":\"BreadcrumbList\",\"@id\":\"https:\/\/semanarural.ufrrj.br\/2025\/mostra-de-cursos-da-ufrrj\/#breadcrumb\",\"itemListElement\":[{\"@type\":\"ListItem\",\"position\":1,\"name\":\"In\u00edcio\",\"item\":\"https:\/\/semanarural.ufrrj.br\/2025\/\"},{\"@type\":\"ListItem\",\"position\":2,\"name\":\"Mostra de cursos da UFRRJ\"}]},{\"@type\":\"WebSite\",\"@id\":\"https:\/\/semanarural.ufrrj.br\/2025\/#website\",\"url\":\"https:\/\/semanarural.ufrrj.br\/2025\/\",\"name\":\"Rural Semanal 2025\",\"description\":\"\",\"potentialAction\":[{\"@type\":\"SearchAction\",\"target\":{\"@type\":\"EntryPoint\",\"urlTemplate\":\"https:\/\/semanarural.ufrrj.br\/2025\/?s={search_term_string}\"},\"query-input\":{\"@type\":\"PropertyValueSpecification\",\"valueRequired\":true,\"valueName\":\"search_term_string\"}}],\"inLanguage\":\"pt-BR\"}]}<\/script>\n<!-- \/ Yoast SEO plugin. -->","yoast_head_json":{"title":"Mostra de cursos da UFRRJ - Rural Semanal 2025","robots":{"index":"index","follow":"follow","max-snippet":"max-snippet:-1","max-image-preview":"max-image-preview:large","max-video-preview":"max-video-preview:-1"},"canonical":"https:\/\/semanarural.ufrrj.br\/2025\/mostra-de-cursos-da-ufrrj\/","og_locale":"pt_BR","og_type":"article","og_title":"Mostra de cursos da UFRRJ - Rural Semanal 2025","og_description":"C\u00e2mpus Serop\u00e9dica C\u00e2mpus Tr\u00eas Rios C\u00e2mpus Nova Igua\u00e7u Conte\u00fado da altern\u00e2ncia","og_url":"https:\/\/semanarural.ufrrj.br\/2025\/mostra-de-cursos-da-ufrrj\/","og_site_name":"Rural Semanal 2025","article_publisher":"https:\/\/www.facebook.com\/profile.php?id=100092434855415","article_modified_time":"2025-06-06T21:28:09+00:00","og_image":[{"width":2048,"height":1365,"url":"https:\/\/semanarural.ufrrj.br\/2025\/wp-content\/uploads\/sites\/4\/2025\/03\/2.png","type":"image\/png"}],"twitter_card":"summary_large_image","twitter_misc":{"Est. tempo de leitura":"1 minuto"},"schema":{"@context":"https:\/\/schema.org","@graph":[{"@type":"WebPage","@id":"https:\/\/semanarural.ufrrj.br\/2025\/mostra-de-cursos-da-ufrrj\/","url":"https:\/\/semanarural.ufrrj.br\/2025\/mostra-de-cursos-da-ufrrj\/","name":"Mostra de cursos da UFRRJ - Rural Semanal 2025","isPartOf":{"@id":"https:\/\/semanarural.ufrrj.br\/2025\/#website"},"primaryImageOfPage":{"@id":"https:\/\/semanarural.ufrrj.br\/2025\/mostra-de-cursos-da-ufrrj\/#primaryimage"},"image":{"@id":"https:\/\/semanarural.ufrrj.br\/2025\/mostra-de-cursos-da-ufrrj\/#primaryimage"},"thumbnailUrl":"https:\/\/semanarural.ufrrj.br\/2025\/wp-content\/uploads\/sites\/4\/2025\/03\/2.png","datePublished":"2025-05-29T11:57:56+00:00","dateModified":"2025-06-06T21:28:09+00:00","breadcrumb":{"@id":"https:\/\/semanarural.ufrrj.br\/2025\/mostra-de-cursos-da-ufrrj\/#breadcrumb"},"inLanguage":"pt-BR","potentialAction":[{"@type":"ReadAction","target":["https:\/\/semanarural.ufrrj.br\/2025\/mostra-de-cursos-da-ufrrj\/"]}]},{"@type":"ImageObject","inLanguage":"pt-BR","@id":"https:\/\/semanarural.ufrrj.br\/2025\/mostra-de-cursos-da-ufrrj\/#primaryimage","url":"https:\/\/semanarural.ufrrj.br\/2025\/wp-content\/uploads\/sites\/4\/2025\/03\/2.png","contentUrl":"https:\/\/semanarural.ufrrj.br\/2025\/wp-content\/uploads\/sites\/4\/2025\/03\/2.png","width":2048,"height":1365,"caption":"Mostra de Cursos da UFRRJ."},{"@type":"BreadcrumbList","@id":"https:\/\/semanarural.ufrrj.br\/2025\/mostra-de-cursos-da-ufrrj\/#breadcrumb","itemListElement":[{"@type":"ListItem","position":1,"name":"In\u00edcio","item":"https:\/\/semanarural.ufrrj.br\/2025\/"},{"@type":"ListItem","position":2,"name":"Mostra de cursos da UFRRJ"}]},{"@type":"WebSite","@id":"https:\/\/semanarural.ufrrj.br\/2025\/#website","url":"https:\/\/semanarural.ufrrj.br\/2025\/","name":"Rural Semanal 2025","description":"","potentialAction":[{"@type":"SearchAction","target":{"@type":"EntryPoint","urlTemplate":"https:\/\/semanarural.ufrrj.br\/2025\/?s={search_term_string}"},"query-input":{"@type":"PropertyValueSpecification","valueRequired":true,"valueName":"search_term_string"}}],"inLanguage":"pt-BR"}]}},"_links":{"self":[{"href":"https:\/\/semanarural.ufrrj.br\/2025\/wp-json\/wp\/v2\/pages\/1647","targetHints":{"allow":["GET"]}}],"collection":[{"href":"https:\/\/semanarural.ufrrj.br\/2025\/wp-json\/wp\/v2\/pages"}],"about":[{"href":"https:\/\/semanarural.ufrrj.br\/2025\/wp-json\/wp\/v2\/types\/page"}],"author":[{"embeddable":true,"href":"https:\/\/semanarural.ufrrj.br\/2025\/wp-json\/wp\/v2\/users\/1"}],"replies":[{"embeddable":true,"href":"https:\/\/semanarural.ufrrj.br\/2025\/wp-json\/wp\/v2\/comments?post=1647"}],"version-history":[{"count":22,"href":"https:\/\/semanarural.ufrrj.br\/2025\/wp-json\/wp\/v2\/pages\/1647\/revisions"}],"predecessor-version":[{"id":1748,"href":"https:\/\/semanarural.ufrrj.br\/2025\/wp-json\/wp\/v2\/pages\/1647\/revisions\/1748"}],"wp:featuredmedia":[{"embeddable":true,"href":"https:\/\/semanarural.ufrrj.br\/2025\/wp-json\/wp\/v2\/media\/1586"}],"wp:attachment":[{"href":"https:\/\/semanarural.ufrrj.br\/2025\/wp-json\/wp\/v2\/media?parent=1647"}],"curies":[{"name":"wp","href":"https:\/\/api.w.org\/{rel}","templated":true}]}}