{"id":454,"date":"2023-05-12T10:21:38","date_gmt":"2023-05-12T13:21:38","guid":{"rendered":"https:\/\/semanarural.ufrrj.br\/2025\/?page_id=454"},"modified":"2025-05-31T18:10:40","modified_gmt":"2025-05-31T21:10:40","slug":"documentos","status":"publish","type":"page","link":"https:\/\/semanarural.ufrrj.br\/2025\/documentos\/","title":{"rendered":"Documentos"},"content":{"rendered":"\t\t<div data-elementor-type=\"wp-page\" data-elementor-id=\"454\" class=\"elementor elementor-454\">\n\t\t\t\t\t\t<section class=\"elementor-section elementor-top-section elementor-element elementor-element-7b0cbd52 elementor-section-boxed elementor-section-height-default elementor-section-height-default\" data-id=\"7b0cbd52\" data-element_type=\"section\" data-e-type=\"section\">\n\t\t\t\t\t\t<div class=\"elementor-container elementor-column-gap-default\">\n\t\t\t\t\t<div class=\"elementor-column elementor-col-100 elementor-top-column elementor-element elementor-element-273bfb3d\" data-id=\"273bfb3d\" data-element_type=\"column\" data-e-type=\"column\">\n\t\t\t<div class=\"elementor-widget-wrap elementor-element-populated\">\n\t\t\t\t\t\t<div class=\"elementor-element elementor-element-33dd061 elementor-widget elementor-widget-text-editor\" data-id=\"33dd061\" data-element_type=\"widget\" data-e-type=\"widget\" data-widget_type=\"text-editor.default\">\n\t\t\t\t<div class=\"elementor-widget-container\">\n\t\t\t\t\t\t\t\t\t<ul>\n<li>&nbsp;<\/li>\n<\/ul>\n<div>&nbsp;<\/div>\n<div>\n<h3><u>Editais<\/u>&nbsp;<\/h3>\n<div>&nbsp;<\/div>\n<\/div>\n<p><!-- \/wp:heading --><!-- wp:list --><\/p>\n<ul>\n<li style=\"list-style-type: none\">\n<ul><!-- wp:list-item --><\/ul>\n<\/li>\n<\/ul>\n<ul>\n<li><strong>Edital Proext n\u00ba 24\/2025<\/strong>&nbsp;&#8211;&nbsp;<a href=\"https:\/\/semanarural.ufrrj.br\/2025\/wp-content\/uploads\/sites\/4\/2025\/04\/Edital-24-2025_Semana-Rural-Acoes-de-Extensao-PROEXT.pdf\">Edital 24\/2025 <\/a><\/li>\n<li><strong>Edital Proext n\u00ba 24\/2025<\/strong>&nbsp; (Retificado) &#8211;<a href=\"https:\/\/drive.google.com\/file\/d\/1RjkNCs4obqW5UtI9ykif4jGcvKGlbsLF\/view?usp=sharing\">Edital 24\/2025 (Retificado)<\/a>&nbsp;<\/li>\n<li><b>Edital Proext n\u00ba 25\/2025<\/b> &#8211;&nbsp;&nbsp;<a href=\"https:\/\/portal.ufrrj.br\/edital-no-25-2025-proext-ufrrj-selecao-de-discentes-para-atuarem-nas-atividades-da-semana-rural-2025\/\">Edital 25\/2025<\/a><\/li>\n<\/ul>\n<p><!-- \/wp:list-item --><\/p>\n<p><!-- \/wp:list --><!-- wp:heading {\"level\":3} --><\/p>\n<h3><u>Resultado Preliminar<\/u><\/h3>\n<div>\n<ul>\n<li>Edital n\u00ba 25\/2025 &#8211;&nbsp;&nbsp;<a href=\"https:\/\/drive.google.com\/file\/d\/1J1mQ4D7gOLzemtd2CHuj1EYzBUSzsVP4\/view?usp=sharing\">Minifazenda <\/a><\/li>\n<li>Edital n\u00ba 25\/2025 &#8211;&nbsp;&nbsp;<a href=\"https:\/\/drive.google.com\/file\/d\/1OWJYa9OPsjwhCV9BtwxVX6zDQM5CMZdQ\/view?usp=sharing\">Organiza\u00e7\u00e3o e Log\u00edstica<\/a><\/li>\n<li>Edital n\u00ba 25\/2025 &#8211;&nbsp;&nbsp;<a href=\"https:\/\/drive.google.com\/file\/d\/1YlZphj53jAowERF3ckZxcndV2mQd5_fW\/view?usp=sharing\">Torneios esportivo<\/a>s<\/li>\n<\/ul>\n<\/div>\n<h3><u>Resultado Final&nbsp;<\/u><\/h3>\n<div>\n<div>\n<ul>\n<li>Edital n\u00ba 25\/2025 &#8211;&nbsp; <a href=\"https:\/\/drive.google.com\/file\/d\/1qrDenmO2MQyMln9tGYr2nMcfU8EsCCS7\/view?usp=drive_link\">Minifazenda<\/a><\/li>\n<li>Edital n\u00ba 25\/2025 &#8211; <a href=\"https:\/\/drive.google.com\/file\/d\/1bB8Zh63Y1HqONaMw7CPJnH3YJaW9CcT5\/view?usp=sharing\">Organiza\u00e7\u00e3o e Log\u00edstica<\/a>&nbsp;<\/li>\n<li>Edital n\u00ba 25\/2025 &#8211;&nbsp;&nbsp;<a href=\"https:\/\/drive.google.com\/file\/d\/1BCxSidxt7IomXsB8iBb0cBSDq9o6ePQD\/view?usp=sharing\">Torneios esportivos<\/a><\/li>\n<\/ul>\n<div>&nbsp;<\/div>\n<div>\n<h3><u>Capacita\u00e7\u00f5es<\/u><\/h3>\n<div><u>&nbsp;<\/u><\/div>\n<div>\n<p><\/p>\n<div>Informamos que a capacita\u00e7\u00e3o para monitores que atuar\u00e3o na \u00e1rea de Log\u00edstica e Organiza\u00e7\u00e3o ocorrer\u00e1 no dia 02\/06 (segunda-feira), \u00e0s 17h no Anfiteatro do Instituto de Zootecnia (IZ\/UFRRJ).<\/div>\n<div>&nbsp;<\/div>\n<div>Informamos que a capacita\u00e7\u00e3o para os monitores da minifazenda acontecer\u00e1 no dia 07\/06 (s\u00e1bado) , \u00e0s 8h no Setor de Reprodu\u00e7\u00e3o Animal.<\/div>\n<div>&nbsp;<\/div>\n<div>&nbsp;<\/div>\n<div>&nbsp;<\/div>\n<div>Importante:&nbsp;<\/div>\n<div>&nbsp;<\/div>\n<div>Os discentes n\u00e3o selecionados para o aux\u00edlio poder\u00e3o atuar de forma volunt\u00e1ria.&nbsp;<\/div>\n<div>&nbsp;<\/div>\n<div>Todos os participantes, percebendo ou n\u00e3o aux\u00edlio, receber\u00e3o certificado oficial.&nbsp;<\/div>\n<div>&nbsp;<\/div>\n<div>A participa\u00e7\u00e3o na capacita\u00e7\u00e3o \u00e9 obrigat\u00f3ria para discentes selecionados com aux\u00edlio e para os volunt\u00e1rios.&nbsp;&nbsp;<\/div>\n<div>&nbsp;<\/div>\n<div>Para os selecionados com aux\u00edlio a aus\u00eancia do mesmo caracteriza a elimina\u00e7\u00e3o do classificado, sendo convocado o pr\u00f3ximo colocado.<\/div>\n<div>&nbsp;<\/div>\n<div>&nbsp;<\/div>\n<p><\/p>\n<\/div>\n<div>&nbsp;<\/div>\n<div>&nbsp;<\/div>\n<div>&nbsp;<\/div>\n<div>&nbsp;<\/div>\n<\/div>\n<\/div>\n<\/div>\n<p><!-- \/wp:heading --><!-- wp:paragraph --><\/p>\n<p><!-- \/wp:paragraph --><\/p>\t\t\t\t\t\t\t\t<\/div>\n\t\t\t\t<\/div>\n\t\t\t\t\t<\/div>\n\t\t<\/div>\n\t\t\t\t\t<\/div>\n\t\t<\/section>\n\t\t\t\t<\/div>\n\t\t","protected":false},"excerpt":{"rendered":"<p>&nbsp; &nbsp; Editais&nbsp; &nbsp; Edital Proext n\u00ba 24\/2025&nbsp;&#8211;&nbsp;Edital 24\/2025 Edital Proext n\u00ba 24\/2025&nbsp; (Retificado) &#8211;Edital 24\/2025 (Retificado)&nbsp; Edital Proext n\u00ba 25\/2025 &#8211;&nbsp;&nbsp;Edital [&hellip;]<\/p>\n","protected":false},"author":1,"featured_media":0,"parent":0,"menu_order":0,"comment_status":"closed","ping_status":"closed","template":"","meta":{"footnotes":""},"class_list":["post-454","page","type-page","status-publish","hentry"],"yoast_head":"<!-- This site is optimized with the Yoast SEO plugin v27.2 - https:\/\/yoast.com\/product\/yoast-seo-wordpress\/ -->\n<title>Documentos - Rural Semanal 2025<\/title>\n<meta name=\"robots\" content=\"index, follow, max-snippet:-1, max-image-preview:large, max-video-preview:-1\" \/>\n<link rel=\"canonical\" href=\"https:\/\/semanarural.ufrrj.br\/2025\/documentos\/\" \/>\n<meta property=\"og:locale\" content=\"pt_BR\" \/>\n<meta property=\"og:type\" content=\"article\" \/>\n<meta property=\"og:title\" content=\"Documentos - Rural Semanal 2025\" \/>\n<meta property=\"og:description\" content=\"&nbsp; &nbsp; Editais&nbsp; &nbsp; Edital Proext n\u00ba 24\/2025&nbsp;&#8211;&nbsp;Edital 24\/2025 Edital Proext n\u00ba 24\/2025&nbsp; (Retificado) &#8211;Edital 24\/2025 (Retificado)&nbsp; Edital Proext n\u00ba 25\/2025 &#8211;&nbsp;&nbsp;Edital [&hellip;]\" \/>\n<meta property=\"og:url\" content=\"https:\/\/semanarural.ufrrj.br\/2025\/documentos\/\" \/>\n<meta property=\"og:site_name\" content=\"Rural Semanal 2025\" \/>\n<meta property=\"article:publisher\" content=\"https:\/\/www.facebook.com\/profile.php?id=100092434855415\" \/>\n<meta property=\"article:modified_time\" content=\"2025-05-31T21:10:40+00:00\" \/>\n<meta name=\"twitter:card\" content=\"summary_large_image\" \/>\n<meta name=\"twitter:label1\" content=\"Est. tempo de leitura\" \/>\n\t<meta name=\"twitter:data1\" content=\"1 minuto\" \/>\n<script type=\"application\/ld+json\" class=\"yoast-schema-graph\">{\"@context\":\"https:\/\/schema.org\",\"@graph\":[{\"@type\":\"WebPage\",\"@id\":\"https:\/\/semanarural.ufrrj.br\/2025\/documentos\/\",\"url\":\"https:\/\/semanarural.ufrrj.br\/2025\/documentos\/\",\"name\":\"Documentos - Rural Semanal 2025\",\"isPartOf\":{\"@id\":\"https:\/\/semanarural.ufrrj.br\/2025\/#website\"},\"datePublished\":\"2023-05-12T13:21:38+00:00\",\"dateModified\":\"2025-05-31T21:10:40+00:00\",\"breadcrumb\":{\"@id\":\"https:\/\/semanarural.ufrrj.br\/2025\/documentos\/#breadcrumb\"},\"inLanguage\":\"pt-BR\",\"potentialAction\":[{\"@type\":\"ReadAction\",\"target\":[\"https:\/\/semanarural.ufrrj.br\/2025\/documentos\/\"]}]},{\"@type\":\"BreadcrumbList\",\"@id\":\"https:\/\/semanarural.ufrrj.br\/2025\/documentos\/#breadcrumb\",\"itemListElement\":[{\"@type\":\"ListItem\",\"position\":1,\"name\":\"In\u00edcio\",\"item\":\"https:\/\/semanarural.ufrrj.br\/2025\/\"},{\"@type\":\"ListItem\",\"position\":2,\"name\":\"Documentos\"}]},{\"@type\":\"WebSite\",\"@id\":\"https:\/\/semanarural.ufrrj.br\/2025\/#website\",\"url\":\"https:\/\/semanarural.ufrrj.br\/2025\/\",\"name\":\"Rural Semanal 2025\",\"description\":\"\",\"potentialAction\":[{\"@type\":\"SearchAction\",\"target\":{\"@type\":\"EntryPoint\",\"urlTemplate\":\"https:\/\/semanarural.ufrrj.br\/2025\/?s={search_term_string}\"},\"query-input\":{\"@type\":\"PropertyValueSpecification\",\"valueRequired\":true,\"valueName\":\"search_term_string\"}}],\"inLanguage\":\"pt-BR\"}]}<\/script>\n<!-- \/ Yoast SEO plugin. -->","yoast_head_json":{"title":"Documentos - Rural Semanal 2025","robots":{"index":"index","follow":"follow","max-snippet":"max-snippet:-1","max-image-preview":"max-image-preview:large","max-video-preview":"max-video-preview:-1"},"canonical":"https:\/\/semanarural.ufrrj.br\/2025\/documentos\/","og_locale":"pt_BR","og_type":"article","og_title":"Documentos - Rural Semanal 2025","og_description":"&nbsp; &nbsp; Editais&nbsp; &nbsp; Edital Proext n\u00ba 24\/2025&nbsp;&#8211;&nbsp;Edital 24\/2025 Edital Proext n\u00ba 24\/2025&nbsp; (Retificado) &#8211;Edital 24\/2025 (Retificado)&nbsp; Edital Proext n\u00ba 25\/2025 &#8211;&nbsp;&nbsp;Edital [&hellip;]","og_url":"https:\/\/semanarural.ufrrj.br\/2025\/documentos\/","og_site_name":"Rural Semanal 2025","article_publisher":"https:\/\/www.facebook.com\/profile.php?id=100092434855415","article_modified_time":"2025-05-31T21:10:40+00:00","twitter_card":"summary_large_image","twitter_misc":{"Est. tempo de leitura":"1 minuto"},"schema":{"@context":"https:\/\/schema.org","@graph":[{"@type":"WebPage","@id":"https:\/\/semanarural.ufrrj.br\/2025\/documentos\/","url":"https:\/\/semanarural.ufrrj.br\/2025\/documentos\/","name":"Documentos - Rural Semanal 2025","isPartOf":{"@id":"https:\/\/semanarural.ufrrj.br\/2025\/#website"},"datePublished":"2023-05-12T13:21:38+00:00","dateModified":"2025-05-31T21:10:40+00:00","breadcrumb":{"@id":"https:\/\/semanarural.ufrrj.br\/2025\/documentos\/#breadcrumb"},"inLanguage":"pt-BR","potentialAction":[{"@type":"ReadAction","target":["https:\/\/semanarural.ufrrj.br\/2025\/documentos\/"]}]},{"@type":"BreadcrumbList","@id":"https:\/\/semanarural.ufrrj.br\/2025\/documentos\/#breadcrumb","itemListElement":[{"@type":"ListItem","position":1,"name":"In\u00edcio","item":"https:\/\/semanarural.ufrrj.br\/2025\/"},{"@type":"ListItem","position":2,"name":"Documentos"}]},{"@type":"WebSite","@id":"https:\/\/semanarural.ufrrj.br\/2025\/#website","url":"https:\/\/semanarural.ufrrj.br\/2025\/","name":"Rural Semanal 2025","description":"","potentialAction":[{"@type":"SearchAction","target":{"@type":"EntryPoint","urlTemplate":"https:\/\/semanarural.ufrrj.br\/2025\/?s={search_term_string}"},"query-input":{"@type":"PropertyValueSpecification","valueRequired":true,"valueName":"search_term_string"}}],"inLanguage":"pt-BR"}]}},"_links":{"self":[{"href":"https:\/\/semanarural.ufrrj.br\/2025\/wp-json\/wp\/v2\/pages\/454","targetHints":{"allow":["GET"]}}],"collection":[{"href":"https:\/\/semanarural.ufrrj.br\/2025\/wp-json\/wp\/v2\/pages"}],"about":[{"href":"https:\/\/semanarural.ufrrj.br\/2025\/wp-json\/wp\/v2\/types\/page"}],"author":[{"embeddable":true,"href":"https:\/\/semanarural.ufrrj.br\/2025\/wp-json\/wp\/v2\/users\/1"}],"replies":[{"embeddable":true,"href":"https:\/\/semanarural.ufrrj.br\/2025\/wp-json\/wp\/v2\/comments?post=454"}],"version-history":[{"count":58,"href":"https:\/\/semanarural.ufrrj.br\/2025\/wp-json\/wp\/v2\/pages\/454\/revisions"}],"predecessor-version":[{"id":1713,"href":"https:\/\/semanarural.ufrrj.br\/2025\/wp-json\/wp\/v2\/pages\/454\/revisions\/1713"}],"wp:attachment":[{"href":"https:\/\/semanarural.ufrrj.br\/2025\/wp-json\/wp\/v2\/media?parent=454"}],"curies":[{"name":"wp","href":"https:\/\/api.w.org\/{rel}","templated":true}]}}