{"id":698,"date":"2023-06-06T13:21:47","date_gmt":"2023-06-06T16:21:47","guid":{"rendered":"https:\/\/semanarural.ufrrj.br\/2025\/?page_id=698"},"modified":"2025-03-24T16:42:47","modified_gmt":"2025-03-24T19:42:47","slug":"apresentacao","status":"publish","type":"page","link":"https:\/\/semanarural.ufrrj.br\/2025\/apresentacao\/","title":{"rendered":"Apresenta\u00e7\u00e3o"},"content":{"rendered":"\n<h3 class=\"wp-block-heading\"><em>Semana Rural<\/em>, um evento que vai ficar na sua mem\u00f3ria.<\/h3>\n\n\n\n<p>Minicursos, mostras cient\u00edficas, art\u00edsticas e culturais, minifazenda, shows musicais, feiras, exposi\u00e7\u00f5es e muitas viv\u00eancias!<\/p>\n\n\n\n<div style=\"height:40px\" aria-hidden=\"true\" class=\"wp-block-spacer\"><\/div>\n\n\n\n<h3 class=\"wp-block-heading\"><strong>O que \u00e9?<\/strong><\/h3>\n\n\n\n<p>A Semana Rural \u00e9 o maior evento de extens\u00e3o da <strong>UFRRJ <\/strong>com atividades art\u00edsticas, cient\u00edficas, culturais, educativas, esportivas, sociais e tecnol\u00f3gicas. Todas as atividades s\u00e3o gratuitas e visam aproximar a Universidade Rural da comunidade de Serop\u00e9dica e regi\u00e3o.<\/p>\n\n\n\n<div style=\"height:40px\" aria-hidden=\"true\" class=\"wp-block-spacer\"><\/div>\n\n\n\n<h3 class=\"wp-block-heading\"><strong>Quando?<\/strong><\/h3>\n\n\n\n<p>A Semana Rural ser\u00e1 realizada no per\u00edodo de <strong>09 a 15 de junho de 2025.<\/strong><\/p>\n\n\n\n<div style=\"height:40px\" aria-hidden=\"true\" class=\"wp-block-spacer\"><\/div>\n\n\n\n<h3 class=\"wp-block-heading\"><strong>Onde?<\/strong><\/h3>\n\n\n\n<p>Para esse ano a proposta \u00e9 que sejam ofertadas atividades nos <strong>c\u00e2mpus de Nova Igua\u00e7u<\/strong>, <strong>Tr\u00eas Rios<\/strong> e <strong>Serop\u00e9dica<\/strong>.<\/p>\n\n\n\n<div style=\"height:40px\" aria-hidden=\"true\" class=\"wp-block-spacer\"><\/div>\n\n\n\n<h3 class=\"wp-block-heading\"><strong>O que vai ter na Semana Rural?<\/strong><\/h3>\n\n\n\n<p><\/p>\n\n\n\n<p><strong>Cursos de Qualifica\u00e7\u00e3o T\u00e9cnica e Profissional<\/strong><\/p>\n\n\n\n<p>Ser\u00e3o ofertados minicursos e oficinas nas diversas \u00e1reas do conhecimento, direcionados aos trabalhadores rurais e urbanos.<\/p>\n\n\n\n<p><strong>Circuito Escolar <\/strong><\/p>\n\n\n\n<p>Para as escolas dos ensinos fundamental e m\u00e9dio, ser\u00e1 oferecido no <strong>per\u00edodo de 9 a 12 de junho<\/strong> o Circuito Escolar, com diversas atividades direcionadas aos alunos, tais como: visita educativa a uma minifazenda instalada em frente ao pr\u00e9dio principal; apresenta\u00e7\u00e3o dos cursos t\u00e9cnicos e de gradua\u00e7\u00e3o oferecidos pela Universidade; mostras art\u00edsticas, cient\u00edficas e culturais; visita\u00e7\u00e3o aos museus da Universidade, dentre outras. As vagas s\u00e3o <strong>limitadas <\/strong>e preenchidas por ordem de inscri\u00e7\u00e3o.<\/p>\n\n\n\n<p>As inscri\u00e7\u00f5es das escolas podem ser realizadas por meio do e-mail: semanarural@ufrrj.br<\/p>\n\n\n\n<p><strong>Atra\u00e7\u00f5es Art\u00edsticas e Socioculturais<\/strong><\/p>\n\n\n\n<p>Atividades abertas a todo o p\u00fablico como shows musicais, feiras de produtos org\u00e2nicos, visita\u00e7\u00e3o aos museus da UFRRJ, feiras de artesanato, torneios esportivos, pedalada e corrida tem\u00e1ticas, festival de pipas, exposi\u00e7\u00e3o de carros antigos, pra\u00e7a de alimenta\u00e7\u00e3o, mostras art\u00edsticas, espa\u00e7o agroecol\u00f3gico, pra\u00e7a de alimenta\u00e7\u00e3o e muito mais!<\/p>\n","protected":false},"excerpt":{"rendered":"<p>Semana Rural, um evento que vai ficar na sua mem\u00f3ria. Minicursos, mostras cient\u00edficas, art\u00edsticas e culturais, minifazenda, shows musicais, feiras, exposi\u00e7\u00f5es e [&hellip;]<\/p>\n","protected":false},"author":1,"featured_media":0,"parent":0,"menu_order":0,"comment_status":"closed","ping_status":"closed","template":"","meta":{"footnotes":""},"class_list":["post-698","page","type-page","status-publish","hentry"],"yoast_head":"<!-- This site is optimized with the Yoast SEO plugin v27.2 - https:\/\/yoast.com\/product\/yoast-seo-wordpress\/ -->\n<title>Apresenta\u00e7\u00e3o - Rural Semanal 2025<\/title>\n<meta name=\"robots\" content=\"index, follow, max-snippet:-1, max-image-preview:large, max-video-preview:-1\" \/>\n<link rel=\"canonical\" href=\"https:\/\/semanarural.ufrrj.br\/2025\/apresentacao\/\" \/>\n<meta property=\"og:locale\" content=\"pt_BR\" \/>\n<meta property=\"og:type\" content=\"article\" \/>\n<meta property=\"og:title\" content=\"Apresenta\u00e7\u00e3o - Rural Semanal 2025\" \/>\n<meta property=\"og:description\" content=\"Semana Rural, um evento que vai ficar na sua mem\u00f3ria. Minicursos, mostras cient\u00edficas, art\u00edsticas e culturais, minifazenda, shows musicais, feiras, exposi\u00e7\u00f5es e [&hellip;]\" \/>\n<meta property=\"og:url\" content=\"https:\/\/semanarural.ufrrj.br\/2025\/apresentacao\/\" \/>\n<meta property=\"og:site_name\" content=\"Rural Semanal 2025\" \/>\n<meta property=\"article:publisher\" content=\"https:\/\/www.facebook.com\/profile.php?id=100092434855415\" \/>\n<meta property=\"article:modified_time\" content=\"2025-03-24T19:42:47+00:00\" \/>\n<meta name=\"twitter:card\" content=\"summary_large_image\" \/>\n<meta name=\"twitter:label1\" content=\"Est. tempo de leitura\" \/>\n\t<meta name=\"twitter:data1\" content=\"2 minutos\" \/>\n<script type=\"application\/ld+json\" class=\"yoast-schema-graph\">{\"@context\":\"https:\/\/schema.org\",\"@graph\":[{\"@type\":\"WebPage\",\"@id\":\"https:\/\/semanarural.ufrrj.br\/2025\/apresentacao\/\",\"url\":\"https:\/\/semanarural.ufrrj.br\/2025\/apresentacao\/\",\"name\":\"Apresenta\u00e7\u00e3o - Rural Semanal 2025\",\"isPartOf\":{\"@id\":\"https:\/\/semanarural.ufrrj.br\/2025\/#website\"},\"datePublished\":\"2023-06-06T16:21:47+00:00\",\"dateModified\":\"2025-03-24T19:42:47+00:00\",\"breadcrumb\":{\"@id\":\"https:\/\/semanarural.ufrrj.br\/2025\/apresentacao\/#breadcrumb\"},\"inLanguage\":\"pt-BR\",\"potentialAction\":[{\"@type\":\"ReadAction\",\"target\":[\"https:\/\/semanarural.ufrrj.br\/2025\/apresentacao\/\"]}]},{\"@type\":\"BreadcrumbList\",\"@id\":\"https:\/\/semanarural.ufrrj.br\/2025\/apresentacao\/#breadcrumb\",\"itemListElement\":[{\"@type\":\"ListItem\",\"position\":1,\"name\":\"In\u00edcio\",\"item\":\"https:\/\/semanarural.ufrrj.br\/2025\/\"},{\"@type\":\"ListItem\",\"position\":2,\"name\":\"Apresenta\u00e7\u00e3o\"}]},{\"@type\":\"WebSite\",\"@id\":\"https:\/\/semanarural.ufrrj.br\/2025\/#website\",\"url\":\"https:\/\/semanarural.ufrrj.br\/2025\/\",\"name\":\"Rural Semanal 2025\",\"description\":\"\",\"potentialAction\":[{\"@type\":\"SearchAction\",\"target\":{\"@type\":\"EntryPoint\",\"urlTemplate\":\"https:\/\/semanarural.ufrrj.br\/2025\/?s={search_term_string}\"},\"query-input\":{\"@type\":\"PropertyValueSpecification\",\"valueRequired\":true,\"valueName\":\"search_term_string\"}}],\"inLanguage\":\"pt-BR\"}]}<\/script>\n<!-- \/ Yoast SEO plugin. -->","yoast_head_json":{"title":"Apresenta\u00e7\u00e3o - Rural Semanal 2025","robots":{"index":"index","follow":"follow","max-snippet":"max-snippet:-1","max-image-preview":"max-image-preview:large","max-video-preview":"max-video-preview:-1"},"canonical":"https:\/\/semanarural.ufrrj.br\/2025\/apresentacao\/","og_locale":"pt_BR","og_type":"article","og_title":"Apresenta\u00e7\u00e3o - Rural Semanal 2025","og_description":"Semana Rural, um evento que vai ficar na sua mem\u00f3ria. Minicursos, mostras cient\u00edficas, art\u00edsticas e culturais, minifazenda, shows musicais, feiras, exposi\u00e7\u00f5es e [&hellip;]","og_url":"https:\/\/semanarural.ufrrj.br\/2025\/apresentacao\/","og_site_name":"Rural Semanal 2025","article_publisher":"https:\/\/www.facebook.com\/profile.php?id=100092434855415","article_modified_time":"2025-03-24T19:42:47+00:00","twitter_card":"summary_large_image","twitter_misc":{"Est. tempo de leitura":"2 minutos"},"schema":{"@context":"https:\/\/schema.org","@graph":[{"@type":"WebPage","@id":"https:\/\/semanarural.ufrrj.br\/2025\/apresentacao\/","url":"https:\/\/semanarural.ufrrj.br\/2025\/apresentacao\/","name":"Apresenta\u00e7\u00e3o - Rural Semanal 2025","isPartOf":{"@id":"https:\/\/semanarural.ufrrj.br\/2025\/#website"},"datePublished":"2023-06-06T16:21:47+00:00","dateModified":"2025-03-24T19:42:47+00:00","breadcrumb":{"@id":"https:\/\/semanarural.ufrrj.br\/2025\/apresentacao\/#breadcrumb"},"inLanguage":"pt-BR","potentialAction":[{"@type":"ReadAction","target":["https:\/\/semanarural.ufrrj.br\/2025\/apresentacao\/"]}]},{"@type":"BreadcrumbList","@id":"https:\/\/semanarural.ufrrj.br\/2025\/apresentacao\/#breadcrumb","itemListElement":[{"@type":"ListItem","position":1,"name":"In\u00edcio","item":"https:\/\/semanarural.ufrrj.br\/2025\/"},{"@type":"ListItem","position":2,"name":"Apresenta\u00e7\u00e3o"}]},{"@type":"WebSite","@id":"https:\/\/semanarural.ufrrj.br\/2025\/#website","url":"https:\/\/semanarural.ufrrj.br\/2025\/","name":"Rural Semanal 2025","description":"","potentialAction":[{"@type":"SearchAction","target":{"@type":"EntryPoint","urlTemplate":"https:\/\/semanarural.ufrrj.br\/2025\/?s={search_term_string}"},"query-input":{"@type":"PropertyValueSpecification","valueRequired":true,"valueName":"search_term_string"}}],"inLanguage":"pt-BR"}]}},"_links":{"self":[{"href":"https:\/\/semanarural.ufrrj.br\/2025\/wp-json\/wp\/v2\/pages\/698","targetHints":{"allow":["GET"]}}],"collection":[{"href":"https:\/\/semanarural.ufrrj.br\/2025\/wp-json\/wp\/v2\/pages"}],"about":[{"href":"https:\/\/semanarural.ufrrj.br\/2025\/wp-json\/wp\/v2\/types\/page"}],"author":[{"embeddable":true,"href":"https:\/\/semanarural.ufrrj.br\/2025\/wp-json\/wp\/v2\/users\/1"}],"replies":[{"embeddable":true,"href":"https:\/\/semanarural.ufrrj.br\/2025\/wp-json\/wp\/v2\/comments?post=698"}],"version-history":[{"count":29,"href":"https:\/\/semanarural.ufrrj.br\/2025\/wp-json\/wp\/v2\/pages\/698\/revisions"}],"predecessor-version":[{"id":1590,"href":"https:\/\/semanarural.ufrrj.br\/2025\/wp-json\/wp\/v2\/pages\/698\/revisions\/1590"}],"wp:attachment":[{"href":"https:\/\/semanarural.ufrrj.br\/2025\/wp-json\/wp\/v2\/media?parent=698"}],"curies":[{"name":"wp","href":"https:\/\/api.w.org\/{rel}","templated":true}]}}