{"id":841,"date":"2023-07-04T12:04:31","date_gmt":"2023-07-04T15:04:31","guid":{"rendered":"https:\/\/semanarural.ufrrj.br\/2025\/?page_id=841"},"modified":"2024-02-29T09:42:27","modified_gmt":"2024-02-29T12:42:27","slug":"orientacoes-mini-fazenda","status":"publish","type":"page","link":"https:\/\/semanarural.ufrrj.br\/2025\/orientacoes-mini-fazenda\/","title":{"rendered":"Orienta\u00e7\u00f5es mini-fazenda"},"content":{"rendered":"\n<p><strong>Orienta\u00e7\u00f5es para os visitantes da Mini-Fazenda da Semana Rural<\/strong><\/p>\n\n\n\n<p>Bem vindos a nossa Mini-Fazenda! Nossos animais foram selecionados para representar os principais animais dom\u00e9sticos criados no Brasil. Para o bem-estar deles foram disponibilizados: espa\u00e7o limpo e adequado, sombra, comida e \u00e1gua fresca. Os animais expostos possuem comportamentos naturais, s\u00e3o sens\u00edveis e t\u00eam sentimentos. Seja um visitante educado e respeite os animais.<\/p>\n\n\n\n<p><strong>Desta forma, para sua seguran\u00e7a e dos nossos animais por favor siga as orienta\u00e7\u00f5es:<\/strong><\/p>\n\n\n\n<ol class=\"wp-block-list\">\n<li>Ao entrar e sair da nossa Mini-fazenda, limpe as m\u00e3os com \u00e1lcool gel;<\/li>\n\n\n\n<li>Crian\u00e7as com menos de 12 anos devem sempre estar acompanhadas por um adulto respons\u00e1vel;<\/li>\n\n\n\n<li>Mantenha sil\u00eancio ao permanecer na Mini-Fazenda, caso necess\u00e1rio, fale apenas em voz baixa;<\/li>\n\n\n\n<li>Proibido bater nas grades ou gaiolas, se movimentar bruscamente, bater palmas, assobiar ou atirar objetos para atrair os animais;<\/li>\n\n\n\n<li>N\u00e3o alimente os animais sem autoriza\u00e7\u00e3o de um respons\u00e1vel da Mini-Fazenda. Cada animal possui uma dieta pr\u00f3pria, que atende \u00e0s necessidades daquela esp\u00e9cie e cujas quantidades s\u00e3o dimensionadas pela equipe t\u00e9cnica. Por isso, n\u00e3o jogue alimentos nos recintos, cada esp\u00e9cie tem sua alimenta\u00e7\u00e3o controlada e qualquer item que for oferecido fora de sua dieta pode fazer mal aos animais;.<\/li>\n\n\n\n<li>N\u00e3o entre nos espa\u00e7os destinados aos animais;<\/li>\n\n\n\n<li>Se tocar os animais, evite as regi\u00f5es de olhos, narinas, boca, orelhas e cauda.<\/li>\n\n\n\n<li>Tire as fotos sem utilizar a luz do flash;<\/li>\n\n\n\n<li>N\u00e3o abra guardas-chuvas ou movimente bruscamente tecidos ou roupas, pois podem assustar os animais;<\/li>\n\n\n\n<li>N\u00e3o \u00e9 autorizado se alimentar ou ingerir bebidas dentro da \u00e1rea da Mini-Fazenda;<\/li>\n\n\n\n<li>A entrada com animais n\u00e3o-autorizados na Mini-Fazenda \u00e9 proibida;<\/li>\n\n\n\n<li>N\u00e3o \u00e9 permitido entrar com bicicletas ou correr na \u00e1rea da Mini-Fazenda;<\/li>\n\n\n\n<li>N\u00e3o jogue lixo no ch\u00e3o ou nos espa\u00e7os dos animais;<\/li>\n\n\n\n<li>N\u00e3o suba ou apoie crian\u00e7as nas grades de prote\u00e7\u00e3o dos recintos. Elas est\u00e3o ali para sua<\/li>\n\n\n\n<li>seguran\u00e7a e dos nossos animais;<\/li>\n\n\n\n<li>N\u00e3o \u00e9 permitida a utiliza\u00e7\u00e3o de drone sem autoriza\u00e7\u00e3o de um respons\u00e1vel da Mini-Fazenda.<br>N\u00e3o \u00e9 permitido fumar na Mini-Fazenda.<\/li>\n\n\n\n<li>Cuide dos seus pertences. Caso encontre algum item perdido por algu\u00e9m, ou voc\u00ea perceba que perdeu algo na Mini-Fazenda, procure um respons\u00e1vel do local para acionar o sistema de Achados e Perdidos.<\/li>\n\n\n\n<li>Qualquer d\u00favida ou curiosidade sobre os animais, pergunte a um respons\u00e1vel da Mini-Fazenda;<\/li>\n\n\n\n<li>A Lei Federal n\u00ba 9.605\/98, conhecida como Lei dos Crimes Ambientais, pro\u00edbe a pr\u00e1tica de abusos, maus-tratos, ferimento ou mutila\u00e7\u00e3o de animais silvestres, dom\u00e9sticos ou domesticados, nativos ou ex\u00f3ticos, sob pena de pris\u00e3o e multa.<\/li>\n<\/ol>\n","protected":false},"excerpt":{"rendered":"<p>Orienta\u00e7\u00f5es para os visitantes da Mini-Fazenda da Semana Rural Bem vindos a nossa Mini-Fazenda! Nossos animais foram selecionados para representar os principais [&hellip;]<\/p>\n","protected":false},"author":1,"featured_media":0,"parent":0,"menu_order":0,"comment_status":"closed","ping_status":"closed","template":"","meta":{"footnotes":""},"class_list":["post-841","page","type-page","status-publish","hentry"],"yoast_head":"<!-- This site is optimized with the Yoast SEO plugin v27.2 - https:\/\/yoast.com\/product\/yoast-seo-wordpress\/ -->\n<title>Orienta\u00e7\u00f5es mini-fazenda - Rural Semanal 2025<\/title>\n<meta name=\"robots\" content=\"index, follow, max-snippet:-1, max-image-preview:large, max-video-preview:-1\" \/>\n<link rel=\"canonical\" href=\"https:\/\/semanarural.ufrrj.br\/2025\/orientacoes-mini-fazenda\/\" \/>\n<meta property=\"og:locale\" content=\"pt_BR\" \/>\n<meta property=\"og:type\" content=\"article\" \/>\n<meta property=\"og:title\" content=\"Orienta\u00e7\u00f5es mini-fazenda - Rural Semanal 2025\" \/>\n<meta property=\"og:description\" content=\"Orienta\u00e7\u00f5es para os visitantes da Mini-Fazenda da Semana Rural Bem vindos a nossa Mini-Fazenda! Nossos animais foram selecionados para representar os principais [&hellip;]\" \/>\n<meta property=\"og:url\" content=\"https:\/\/semanarural.ufrrj.br\/2025\/orientacoes-mini-fazenda\/\" \/>\n<meta property=\"og:site_name\" content=\"Rural Semanal 2025\" \/>\n<meta property=\"article:publisher\" content=\"https:\/\/www.facebook.com\/profile.php?id=100092434855415\" \/>\n<meta property=\"article:modified_time\" content=\"2024-02-29T12:42:27+00:00\" \/>\n<meta name=\"twitter:card\" content=\"summary_large_image\" \/>\n<meta name=\"twitter:label1\" content=\"Est. tempo de leitura\" \/>\n\t<meta name=\"twitter:data1\" content=\"3 minutos\" \/>\n<script type=\"application\/ld+json\" class=\"yoast-schema-graph\">{\"@context\":\"https:\/\/schema.org\",\"@graph\":[{\"@type\":\"WebPage\",\"@id\":\"https:\/\/semanarural.ufrrj.br\/2025\/orientacoes-mini-fazenda\/\",\"url\":\"https:\/\/semanarural.ufrrj.br\/2025\/orientacoes-mini-fazenda\/\",\"name\":\"Orienta\u00e7\u00f5es mini-fazenda - Rural Semanal 2025\",\"isPartOf\":{\"@id\":\"https:\/\/semanarural.ufrrj.br\/2025\/#website\"},\"datePublished\":\"2023-07-04T15:04:31+00:00\",\"dateModified\":\"2024-02-29T12:42:27+00:00\",\"breadcrumb\":{\"@id\":\"https:\/\/semanarural.ufrrj.br\/2025\/orientacoes-mini-fazenda\/#breadcrumb\"},\"inLanguage\":\"pt-BR\",\"potentialAction\":[{\"@type\":\"ReadAction\",\"target\":[\"https:\/\/semanarural.ufrrj.br\/2025\/orientacoes-mini-fazenda\/\"]}]},{\"@type\":\"BreadcrumbList\",\"@id\":\"https:\/\/semanarural.ufrrj.br\/2025\/orientacoes-mini-fazenda\/#breadcrumb\",\"itemListElement\":[{\"@type\":\"ListItem\",\"position\":1,\"name\":\"In\u00edcio\",\"item\":\"https:\/\/semanarural.ufrrj.br\/2025\/\"},{\"@type\":\"ListItem\",\"position\":2,\"name\":\"Orienta\u00e7\u00f5es mini-fazenda\"}]},{\"@type\":\"WebSite\",\"@id\":\"https:\/\/semanarural.ufrrj.br\/2025\/#website\",\"url\":\"https:\/\/semanarural.ufrrj.br\/2025\/\",\"name\":\"Rural Semanal 2025\",\"description\":\"\",\"potentialAction\":[{\"@type\":\"SearchAction\",\"target\":{\"@type\":\"EntryPoint\",\"urlTemplate\":\"https:\/\/semanarural.ufrrj.br\/2025\/?s={search_term_string}\"},\"query-input\":{\"@type\":\"PropertyValueSpecification\",\"valueRequired\":true,\"valueName\":\"search_term_string\"}}],\"inLanguage\":\"pt-BR\"}]}<\/script>\n<!-- \/ Yoast SEO plugin. -->","yoast_head_json":{"title":"Orienta\u00e7\u00f5es mini-fazenda - Rural Semanal 2025","robots":{"index":"index","follow":"follow","max-snippet":"max-snippet:-1","max-image-preview":"max-image-preview:large","max-video-preview":"max-video-preview:-1"},"canonical":"https:\/\/semanarural.ufrrj.br\/2025\/orientacoes-mini-fazenda\/","og_locale":"pt_BR","og_type":"article","og_title":"Orienta\u00e7\u00f5es mini-fazenda - Rural Semanal 2025","og_description":"Orienta\u00e7\u00f5es para os visitantes da Mini-Fazenda da Semana Rural Bem vindos a nossa Mini-Fazenda! Nossos animais foram selecionados para representar os principais [&hellip;]","og_url":"https:\/\/semanarural.ufrrj.br\/2025\/orientacoes-mini-fazenda\/","og_site_name":"Rural Semanal 2025","article_publisher":"https:\/\/www.facebook.com\/profile.php?id=100092434855415","article_modified_time":"2024-02-29T12:42:27+00:00","twitter_card":"summary_large_image","twitter_misc":{"Est. tempo de leitura":"3 minutos"},"schema":{"@context":"https:\/\/schema.org","@graph":[{"@type":"WebPage","@id":"https:\/\/semanarural.ufrrj.br\/2025\/orientacoes-mini-fazenda\/","url":"https:\/\/semanarural.ufrrj.br\/2025\/orientacoes-mini-fazenda\/","name":"Orienta\u00e7\u00f5es mini-fazenda - Rural Semanal 2025","isPartOf":{"@id":"https:\/\/semanarural.ufrrj.br\/2025\/#website"},"datePublished":"2023-07-04T15:04:31+00:00","dateModified":"2024-02-29T12:42:27+00:00","breadcrumb":{"@id":"https:\/\/semanarural.ufrrj.br\/2025\/orientacoes-mini-fazenda\/#breadcrumb"},"inLanguage":"pt-BR","potentialAction":[{"@type":"ReadAction","target":["https:\/\/semanarural.ufrrj.br\/2025\/orientacoes-mini-fazenda\/"]}]},{"@type":"BreadcrumbList","@id":"https:\/\/semanarural.ufrrj.br\/2025\/orientacoes-mini-fazenda\/#breadcrumb","itemListElement":[{"@type":"ListItem","position":1,"name":"In\u00edcio","item":"https:\/\/semanarural.ufrrj.br\/2025\/"},{"@type":"ListItem","position":2,"name":"Orienta\u00e7\u00f5es mini-fazenda"}]},{"@type":"WebSite","@id":"https:\/\/semanarural.ufrrj.br\/2025\/#website","url":"https:\/\/semanarural.ufrrj.br\/2025\/","name":"Rural Semanal 2025","description":"","potentialAction":[{"@type":"SearchAction","target":{"@type":"EntryPoint","urlTemplate":"https:\/\/semanarural.ufrrj.br\/2025\/?s={search_term_string}"},"query-input":{"@type":"PropertyValueSpecification","valueRequired":true,"valueName":"search_term_string"}}],"inLanguage":"pt-BR"}]}},"_links":{"self":[{"href":"https:\/\/semanarural.ufrrj.br\/2025\/wp-json\/wp\/v2\/pages\/841","targetHints":{"allow":["GET"]}}],"collection":[{"href":"https:\/\/semanarural.ufrrj.br\/2025\/wp-json\/wp\/v2\/pages"}],"about":[{"href":"https:\/\/semanarural.ufrrj.br\/2025\/wp-json\/wp\/v2\/types\/page"}],"author":[{"embeddable":true,"href":"https:\/\/semanarural.ufrrj.br\/2025\/wp-json\/wp\/v2\/users\/1"}],"replies":[{"embeddable":true,"href":"https:\/\/semanarural.ufrrj.br\/2025\/wp-json\/wp\/v2\/comments?post=841"}],"version-history":[{"count":2,"href":"https:\/\/semanarural.ufrrj.br\/2025\/wp-json\/wp\/v2\/pages\/841\/revisions"}],"predecessor-version":[{"id":844,"href":"https:\/\/semanarural.ufrrj.br\/2025\/wp-json\/wp\/v2\/pages\/841\/revisions\/844"}],"wp:attachment":[{"href":"https:\/\/semanarural.ufrrj.br\/2025\/wp-json\/wp\/v2\/media?parent=841"}],"curies":[{"name":"wp","href":"https:\/\/api.w.org\/{rel}","templated":true}]}}