{"id":1232,"date":"2024-05-29T09:44:58","date_gmt":"2024-05-29T12:44:58","guid":{"rendered":"https:\/\/semanarural.ufrrj.br\/2026\/?page_id=1232"},"modified":"2026-05-05T10:34:51","modified_gmt":"2026-05-05T13:34:51","slug":"programacao-geral","status":"publish","type":"page","link":"https:\/\/semanarural.ufrrj.br\/2026\/programacao-geral\/","title":{"rendered":"Programa\u00e7\u00e3o geral"},"content":{"rendered":"\t\t<div data-elementor-type=\"wp-page\" data-elementor-id=\"1232\" class=\"elementor elementor-1232\">\n\t\t\t\t\t\t<section class=\"elementor-section elementor-top-section elementor-element elementor-element-17514733 elementor-section-boxed elementor-section-height-default elementor-section-height-default\" data-id=\"17514733\" data-element_type=\"section\" data-e-type=\"section\">\n\t\t\t\t\t\t<div class=\"elementor-container elementor-column-gap-default\">\n\t\t\t\t\t<div class=\"elementor-column elementor-col-100 elementor-top-column elementor-element elementor-element-1b2e32a4\" data-id=\"1b2e32a4\" data-element_type=\"column\" data-e-type=\"column\">\n\t\t\t<div class=\"elementor-widget-wrap elementor-element-populated\">\n\t\t\t\t\t\t<div class=\"elementor-element elementor-element-ff91859 elementor-widget elementor-widget-text-editor\" data-id=\"ff91859\" data-element_type=\"widget\" data-e-type=\"widget\" data-widget_type=\"text-editor.default\">\n\t\t\t\t<div class=\"elementor-widget-container\">\n\t\t\t\t\t\t\t\t\t<p>Fa\u00e7a o download da programa\u00e7\u00e3o da Semana Rural 2026<\/p>\n<p><!-- \/wp:paragraph --><!-- wp:file {\"id\":1751,\"href\":\"https:\/\/semanarural.ufrrj.br\/2025\/wp-content\/uploads\/sites\/4\/2025\/06\/Programacao-Geral-06_06.pdf\",\"displayPreview\":true} --><!-- \/wp:file --><\/p>\t\t\t\t\t\t\t\t<\/div>\n\t\t\t\t<\/div>\n\t\t\t\t<div class=\"elementor-element elementor-element-1d7161f elementor-widget elementor-widget-button\" data-id=\"1d7161f\" data-element_type=\"widget\" data-e-type=\"widget\" data-widget_type=\"button.default\">\n\t\t\t\t<div class=\"elementor-widget-container\">\n\t\t\t\t\t\t\t\t\t<div class=\"elementor-button-wrapper\">\n\t\t\t\t\t<a class=\"elementor-button elementor-button-link elementor-size-sm\" href=\"https:\/\/semanarural.ufrrj.br\/2026\/wp-content\/uploads\/sites\/5\/2026\/05\/Programacao-Geral-SR-2026_04-05-preliminar.pdf\" target=\"_blank\">\n\t\t\t\t\t\t<span class=\"elementor-button-content-wrapper\">\n\t\t\t\t\t\t<span class=\"elementor-button-icon\">\n\t\t\t\t<i aria-hidden=\"true\" class=\"fas fa-file-pdf\"><\/i>\t\t\t<\/span>\n\t\t\t\t\t\t\t\t\t<span class=\"elementor-button-text\">Programa\u00e7\u00e3o Geral 2026<\/span>\n\t\t\t\t\t<\/span>\n\t\t\t\t\t<\/a>\n\t\t\t\t<\/div>\n\t\t\t\t\t\t\t\t<\/div>\n\t\t\t\t<\/div>\n\t\t\t\t\t<\/div>\n\t\t<\/div>\n\t\t\t\t\t<\/div>\n\t\t<\/section>\n\t\t\t\t<\/div>\n\t\t","protected":false},"excerpt":{"rendered":"<p>Fa\u00e7a o download da programa\u00e7\u00e3o da Semana Rural 2026 Programa\u00e7\u00e3o Geral 2026<\/p>\n","protected":false},"author":1,"featured_media":1526,"parent":0,"menu_order":0,"comment_status":"closed","ping_status":"closed","template":"","meta":{"footnotes":""},"class_list":["post-1232","page","type-page","status-publish","has-post-thumbnail","hentry"],"yoast_head":"<!-- This site is optimized with the Yoast SEO plugin v27.2 - https:\/\/yoast.com\/product\/yoast-seo-wordpress\/ -->\n<title>Programa\u00e7\u00e3o geral - Semana Rural 2026<\/title>\n<meta name=\"robots\" content=\"index, follow, max-snippet:-1, max-image-preview:large, max-video-preview:-1\" \/>\n<link rel=\"canonical\" href=\"https:\/\/semanarural.ufrrj.br\/2026\/programacao-geral\/\" \/>\n<meta property=\"og:locale\" content=\"pt_BR\" \/>\n<meta property=\"og:type\" content=\"article\" \/>\n<meta property=\"og:title\" content=\"Programa\u00e7\u00e3o geral - Semana Rural 2026\" \/>\n<meta property=\"og:description\" content=\"Fa\u00e7a o download da programa\u00e7\u00e3o da Semana Rural 2026 Programa\u00e7\u00e3o Geral 2026\" \/>\n<meta property=\"og:url\" content=\"https:\/\/semanarural.ufrrj.br\/2026\/programacao-geral\/\" \/>\n<meta property=\"og:site_name\" content=\"Semana Rural 2026\" \/>\n<meta property=\"article:publisher\" content=\"https:\/\/www.facebook.com\/profile.php?id=100092434855415\" \/>\n<meta property=\"article:modified_time\" content=\"2026-05-05T13:34:51+00:00\" \/>\n<meta property=\"og:image\" content=\"https:\/\/semanarural.ufrrj.br\/2026\/wp-content\/uploads\/sites\/5\/2025\/03\/imagem_destaque_site.webp\" \/>\n\t<meta property=\"og:image:width\" content=\"1920\" \/>\n\t<meta property=\"og:image:height\" content=\"1080\" \/>\n\t<meta property=\"og:image:type\" content=\"image\/webp\" \/>\n<meta name=\"twitter:card\" content=\"summary_large_image\" \/>\n<meta name=\"twitter:label1\" content=\"Est. tempo de leitura\" \/>\n\t<meta name=\"twitter:data1\" content=\"1 minuto\" \/>\n<script type=\"application\/ld+json\" class=\"yoast-schema-graph\">{\"@context\":\"https:\/\/schema.org\",\"@graph\":[{\"@type\":\"WebPage\",\"@id\":\"https:\/\/semanarural.ufrrj.br\/2026\/programacao-geral\/\",\"url\":\"https:\/\/semanarural.ufrrj.br\/2026\/programacao-geral\/\",\"name\":\"Programa\u00e7\u00e3o geral - Semana Rural 2026\",\"isPartOf\":{\"@id\":\"https:\/\/semanarural.ufrrj.br\/2026\/#website\"},\"primaryImageOfPage\":{\"@id\":\"https:\/\/semanarural.ufrrj.br\/2026\/programacao-geral\/#primaryimage\"},\"image\":{\"@id\":\"https:\/\/semanarural.ufrrj.br\/2026\/programacao-geral\/#primaryimage\"},\"thumbnailUrl\":\"https:\/\/semanarural.ufrrj.br\/2026\/wp-content\/uploads\/sites\/5\/2025\/03\/imagem_destaque_site.webp\",\"datePublished\":\"2024-05-29T12:44:58+00:00\",\"dateModified\":\"2026-05-05T13:34:51+00:00\",\"breadcrumb\":{\"@id\":\"https:\/\/semanarural.ufrrj.br\/2026\/programacao-geral\/#breadcrumb\"},\"inLanguage\":\"pt-BR\",\"potentialAction\":[{\"@type\":\"ReadAction\",\"target\":[\"https:\/\/semanarural.ufrrj.br\/2026\/programacao-geral\/\"]}]},{\"@type\":\"ImageObject\",\"inLanguage\":\"pt-BR\",\"@id\":\"https:\/\/semanarural.ufrrj.br\/2026\/programacao-geral\/#primaryimage\",\"url\":\"https:\/\/semanarural.ufrrj.br\/2026\/wp-content\/uploads\/sites\/5\/2025\/03\/imagem_destaque_site.webp\",\"contentUrl\":\"https:\/\/semanarural.ufrrj.br\/2026\/wp-content\/uploads\/sites\/5\/2025\/03\/imagem_destaque_site.webp\",\"width\":1920,\"height\":1080},{\"@type\":\"BreadcrumbList\",\"@id\":\"https:\/\/semanarural.ufrrj.br\/2026\/programacao-geral\/#breadcrumb\",\"itemListElement\":[{\"@type\":\"ListItem\",\"position\":1,\"name\":\"In\u00edcio\",\"item\":\"https:\/\/semanarural.ufrrj.br\/2026\/\"},{\"@type\":\"ListItem\",\"position\":2,\"name\":\"Programa\u00e7\u00e3o geral\"}]},{\"@type\":\"WebSite\",\"@id\":\"https:\/\/semanarural.ufrrj.br\/2026\/#website\",\"url\":\"https:\/\/semanarural.ufrrj.br\/2026\/\",\"name\":\"Semana Rural 2026\",\"description\":\"\",\"potentialAction\":[{\"@type\":\"SearchAction\",\"target\":{\"@type\":\"EntryPoint\",\"urlTemplate\":\"https:\/\/semanarural.ufrrj.br\/2026\/?s={search_term_string}\"},\"query-input\":{\"@type\":\"PropertyValueSpecification\",\"valueRequired\":true,\"valueName\":\"search_term_string\"}}],\"inLanguage\":\"pt-BR\"}]}<\/script>\n<!-- \/ Yoast SEO plugin. -->","yoast_head_json":{"title":"Programa\u00e7\u00e3o geral - Semana Rural 2026","robots":{"index":"index","follow":"follow","max-snippet":"max-snippet:-1","max-image-preview":"max-image-preview:large","max-video-preview":"max-video-preview:-1"},"canonical":"https:\/\/semanarural.ufrrj.br\/2026\/programacao-geral\/","og_locale":"pt_BR","og_type":"article","og_title":"Programa\u00e7\u00e3o geral - Semana Rural 2026","og_description":"Fa\u00e7a o download da programa\u00e7\u00e3o da Semana Rural 2026 Programa\u00e7\u00e3o Geral 2026","og_url":"https:\/\/semanarural.ufrrj.br\/2026\/programacao-geral\/","og_site_name":"Semana Rural 2026","article_publisher":"https:\/\/www.facebook.com\/profile.php?id=100092434855415","article_modified_time":"2026-05-05T13:34:51+00:00","og_image":[{"width":1920,"height":1080,"url":"https:\/\/semanarural.ufrrj.br\/2026\/wp-content\/uploads\/sites\/5\/2025\/03\/imagem_destaque_site.webp","type":"image\/webp"}],"twitter_card":"summary_large_image","twitter_misc":{"Est. tempo de leitura":"1 minuto"},"schema":{"@context":"https:\/\/schema.org","@graph":[{"@type":"WebPage","@id":"https:\/\/semanarural.ufrrj.br\/2026\/programacao-geral\/","url":"https:\/\/semanarural.ufrrj.br\/2026\/programacao-geral\/","name":"Programa\u00e7\u00e3o geral - Semana Rural 2026","isPartOf":{"@id":"https:\/\/semanarural.ufrrj.br\/2026\/#website"},"primaryImageOfPage":{"@id":"https:\/\/semanarural.ufrrj.br\/2026\/programacao-geral\/#primaryimage"},"image":{"@id":"https:\/\/semanarural.ufrrj.br\/2026\/programacao-geral\/#primaryimage"},"thumbnailUrl":"https:\/\/semanarural.ufrrj.br\/2026\/wp-content\/uploads\/sites\/5\/2025\/03\/imagem_destaque_site.webp","datePublished":"2024-05-29T12:44:58+00:00","dateModified":"2026-05-05T13:34:51+00:00","breadcrumb":{"@id":"https:\/\/semanarural.ufrrj.br\/2026\/programacao-geral\/#breadcrumb"},"inLanguage":"pt-BR","potentialAction":[{"@type":"ReadAction","target":["https:\/\/semanarural.ufrrj.br\/2026\/programacao-geral\/"]}]},{"@type":"ImageObject","inLanguage":"pt-BR","@id":"https:\/\/semanarural.ufrrj.br\/2026\/programacao-geral\/#primaryimage","url":"https:\/\/semanarural.ufrrj.br\/2026\/wp-content\/uploads\/sites\/5\/2025\/03\/imagem_destaque_site.webp","contentUrl":"https:\/\/semanarural.ufrrj.br\/2026\/wp-content\/uploads\/sites\/5\/2025\/03\/imagem_destaque_site.webp","width":1920,"height":1080},{"@type":"BreadcrumbList","@id":"https:\/\/semanarural.ufrrj.br\/2026\/programacao-geral\/#breadcrumb","itemListElement":[{"@type":"ListItem","position":1,"name":"In\u00edcio","item":"https:\/\/semanarural.ufrrj.br\/2026\/"},{"@type":"ListItem","position":2,"name":"Programa\u00e7\u00e3o geral"}]},{"@type":"WebSite","@id":"https:\/\/semanarural.ufrrj.br\/2026\/#website","url":"https:\/\/semanarural.ufrrj.br\/2026\/","name":"Semana Rural 2026","description":"","potentialAction":[{"@type":"SearchAction","target":{"@type":"EntryPoint","urlTemplate":"https:\/\/semanarural.ufrrj.br\/2026\/?s={search_term_string}"},"query-input":{"@type":"PropertyValueSpecification","valueRequired":true,"valueName":"search_term_string"}}],"inLanguage":"pt-BR"}]}},"_links":{"self":[{"href":"https:\/\/semanarural.ufrrj.br\/2026\/wp-json\/wp\/v2\/pages\/1232","targetHints":{"allow":["GET"]}}],"collection":[{"href":"https:\/\/semanarural.ufrrj.br\/2026\/wp-json\/wp\/v2\/pages"}],"about":[{"href":"https:\/\/semanarural.ufrrj.br\/2026\/wp-json\/wp\/v2\/types\/page"}],"author":[{"embeddable":true,"href":"https:\/\/semanarural.ufrrj.br\/2026\/wp-json\/wp\/v2\/users\/1"}],"replies":[{"embeddable":true,"href":"https:\/\/semanarural.ufrrj.br\/2026\/wp-json\/wp\/v2\/comments?post=1232"}],"version-history":[{"count":42,"href":"https:\/\/semanarural.ufrrj.br\/2026\/wp-json\/wp\/v2\/pages\/1232\/revisions"}],"predecessor-version":[{"id":2332,"href":"https:\/\/semanarural.ufrrj.br\/2026\/wp-json\/wp\/v2\/pages\/1232\/revisions\/2332"}],"wp:featuredmedia":[{"embeddable":true,"href":"https:\/\/semanarural.ufrrj.br\/2026\/wp-json\/wp\/v2\/media\/1526"}],"wp:attachment":[{"href":"https:\/\/semanarural.ufrrj.br\/2026\/wp-json\/wp\/v2\/media?parent=1232"}],"curies":[{"name":"wp","href":"https:\/\/api.w.org\/{rel}","templated":true}]}}