{"id":2180,"date":"2026-04-09T08:58:33","date_gmt":"2026-04-09T11:58:33","guid":{"rendered":"https:\/\/semanarural.ufrrj.br\/2026\/?page_id=2180"},"modified":"2026-04-09T09:04:33","modified_gmt":"2026-04-09T12:04:33","slug":"faq","status":"publish","type":"page","link":"https:\/\/semanarural.ufrrj.br\/2026\/faq\/","title":{"rendered":"FAQ"},"content":{"rendered":"\t\t<div data-elementor-type=\"wp-page\" data-elementor-id=\"2180\" class=\"elementor elementor-2180\">\n\t\t\t\t\t\t<section class=\"elementor-section elementor-top-section elementor-element elementor-element-b51e03e elementor-section-boxed elementor-section-height-default elementor-section-height-default\" data-id=\"b51e03e\" data-element_type=\"section\" data-e-type=\"section\">\n\t\t\t\t\t\t<div class=\"elementor-container elementor-column-gap-default\">\n\t\t\t\t\t<div class=\"elementor-column elementor-col-100 elementor-top-column elementor-element elementor-element-3521573\" data-id=\"3521573\" data-element_type=\"column\" data-e-type=\"column\">\n\t\t\t<div class=\"elementor-widget-wrap elementor-element-populated\">\n\t\t\t\t\t\t<div class=\"elementor-element elementor-element-490d2e9 elementor-widget elementor-widget-eael-adv-accordion\" data-id=\"490d2e9\" data-element_type=\"widget\" data-e-type=\"widget\" data-widget_type=\"eael-adv-accordion.default\">\n\t\t\t\t<div class=\"elementor-widget-container\">\n\t\t\t\t\t            <div class=\"eael-adv-accordion\" id=\"eael-adv-accordion-490d2e9\" data-scroll-on-click=\"no\" data-scroll-speed=\"300\" data-accordion-id=\"490d2e9\" data-accordion-type=\"accordion\" data-toogle-speed=\"300\">\n            <div class=\"eael-accordion-list\">\n\t\t\t\t\t<div id=\"o-que-a-semana-rural-\" class=\"elementor-tab-title eael-accordion-header\" tabindex=\"0\" data-tab=\"1\" aria-controls=\"elementor-tab-content-7661\"><span class=\"eael-advanced-accordion-icon-closed\"><i aria-hidden=\"true\" class=\"fa-accordion-icon fas fa-plus\"><\/i><\/span><span class=\"eael-advanced-accordion-icon-opened\"><i aria-hidden=\"true\" class=\"fa-accordion-icon fas fa-minus\"><\/i><\/span><span class=\"eael-accordion-tab-title\">O que \u00e9 a Semana Rural? <\/span><i aria-hidden=\"true\" class=\"fa-toggle fas fa-angle-right\"><\/i><\/div><div id=\"elementor-tab-content-7661\" class=\"eael-accordion-content clearfix\" data-tab=\"1\" aria-labelledby=\"o-que-a-semana-rural-\"><p>A Semana Rural\u00a0\u00e9 o maior evento acad\u00eamico da UFRRJ com atividades art\u00edsticas, cient\u00edficas, culturais, educativas, esportivas, sociais e tecnol\u00f3gicas. <strong>Todas as atividades<\/strong> s\u00e3o gratuitas e visam aproximar a Universidade Rural da comunidade de Serop\u00e9dica e regi\u00e3o.<\/p><\/div>\n\t\t\t\t\t<\/div><div class=\"eael-accordion-list\">\n\t\t\t\t\t<div id=\"quando-ocorre\" class=\"elementor-tab-title eael-accordion-header\" tabindex=\"0\" data-tab=\"2\" aria-controls=\"elementor-tab-content-7662\"><span class=\"eael-advanced-accordion-icon-closed\"><i aria-hidden=\"true\" class=\"fa-accordion-icon fas fa-plus\"><\/i><\/span><span class=\"eael-advanced-accordion-icon-opened\"><i aria-hidden=\"true\" class=\"fa-accordion-icon fas fa-minus\"><\/i><\/span><span class=\"eael-accordion-tab-title\">Quando ocorre?<\/span><i aria-hidden=\"true\" class=\"fa-toggle fas fa-angle-right\"><\/i><\/div><div id=\"elementor-tab-content-7662\" class=\"eael-accordion-content clearfix\" data-tab=\"2\" aria-labelledby=\"quando-ocorre\"><p>A quarta edi\u00e7\u00e3o da Semana Rural vai ocorrer no per\u00edodo de 25 a 31 de maio de 2026.<\/p><\/div>\n\t\t\t\t\t<\/div><div class=\"eael-accordion-list\">\n\t\t\t\t\t<div id=\"onde-ocorre-\" class=\"elementor-tab-title eael-accordion-header\" tabindex=\"0\" data-tab=\"3\" aria-controls=\"elementor-tab-content-7663\"><span class=\"eael-advanced-accordion-icon-closed\"><i aria-hidden=\"true\" class=\"fa-accordion-icon fas fa-plus\"><\/i><\/span><span class=\"eael-advanced-accordion-icon-opened\"><i aria-hidden=\"true\" class=\"fa-accordion-icon fas fa-minus\"><\/i><\/span><span class=\"eael-accordion-tab-title\">Onde ocorre? <\/span><i aria-hidden=\"true\" class=\"fa-toggle fas fa-angle-right\"><\/i><\/div><div id=\"elementor-tab-content-7663\" class=\"eael-accordion-content clearfix\" data-tab=\"3\" aria-labelledby=\"onde-ocorre-\"><p>O evento acontece, simultaneamente, nos c\u00e2mpus de Nova Igua\u00e7u, Tr\u00eas Rios e Serop\u00e9dica. A programa\u00e7\u00e3o \u00e9 diferente em cada c\u00e2mpus e estar\u00e1 dispon\u00edvel em breve no site oficial do evento.<\/p><\/div>\n\t\t\t\t\t<\/div><div class=\"eael-accordion-list\">\n\t\t\t\t\t<div id=\"como-os-discentes-podem-participar\" class=\"elementor-tab-title eael-accordion-header\" tabindex=\"0\" data-tab=\"4\" aria-controls=\"elementor-tab-content-7664\"><span class=\"eael-advanced-accordion-icon-closed\"><i aria-hidden=\"true\" class=\"fa-accordion-icon fas fa-plus\"><\/i><\/span><span class=\"eael-advanced-accordion-icon-opened\"><i aria-hidden=\"true\" class=\"fa-accordion-icon fas fa-minus\"><\/i><\/span><span class=\"eael-accordion-tab-title\">Como os discentes podem participar?<\/span><i aria-hidden=\"true\" class=\"fa-toggle fas fa-angle-right\"><\/i><\/div><div id=\"elementor-tab-content-7664\" class=\"eael-accordion-content clearfix\" data-tab=\"4\" aria-labelledby=\"como-os-discentes-podem-participar\"><p>Os discentes podem se inscrever <strong>por meio de edital<\/strong> para participarem do evento como <strong>monitores<\/strong>. Os monitores podem atuar nas \u00e1reas de log\u00edstica, minifazenda e torneios esportivos.<\/p><\/div>\n\t\t\t\t\t<\/div><div class=\"eael-accordion-list\">\n\t\t\t\t\t<div id=\"como-o-pblico-externo-pode-participar\" class=\"elementor-tab-title eael-accordion-header\" tabindex=\"0\" data-tab=\"5\" aria-controls=\"elementor-tab-content-7665\"><span class=\"eael-advanced-accordion-icon-closed\"><i aria-hidden=\"true\" class=\"fa-accordion-icon fas fa-plus\"><\/i><\/span><span class=\"eael-advanced-accordion-icon-opened\"><i aria-hidden=\"true\" class=\"fa-accordion-icon fas fa-minus\"><\/i><\/span><span class=\"eael-accordion-tab-title\">Como o p\u00fablico externo pode participar?<\/span><i aria-hidden=\"true\" class=\"fa-toggle fas fa-angle-right\"><\/i><\/div><div id=\"elementor-tab-content-7665\" class=\"eael-accordion-content clearfix\" data-tab=\"5\" aria-labelledby=\"como-o-pblico-externo-pode-participar\"><p>O p\u00fablico externo pode participar de <strong>atividades que n\u00e3o precisam de inscri\u00e7\u00f5es<\/strong>, tais como: mostras art\u00edsticas, cient\u00edficas e culturais; f\u00f3runs t\u00e9cnico-cient\u00edficos; apresenta\u00e7\u00e3o dos cursos t\u00e9cnicos e de gradua\u00e7\u00e3o da UFRRJ; visita educativa a uma minifazenda com v\u00e1rios animais; visita\u00e7\u00e3o aos museus da Universidade; torneios esportivos; leil\u00e3o de animais; feiras;pra\u00e7a de alimenta\u00e7\u00e3o, shows musicais e muito mais.<\/p><p>O p\u00fablico externo tamb\u00e9m pode participar de atividades como os <strong>minicursos e oficinas<\/strong>, cujas inscri\u00e7\u00f5es s\u00e3o realizadas pelo site do evento.<\/p><\/div>\n\t\t\t\t\t<\/div><div class=\"eael-accordion-list\">\n\t\t\t\t\t<div id=\"quais-atividades-estaro-disponveis\" class=\"elementor-tab-title eael-accordion-header\" tabindex=\"0\" data-tab=\"6\" aria-controls=\"elementor-tab-content-7666\"><span class=\"eael-advanced-accordion-icon-closed\"><i aria-hidden=\"true\" class=\"fa-accordion-icon fas fa-plus\"><\/i><\/span><span class=\"eael-advanced-accordion-icon-opened\"><i aria-hidden=\"true\" class=\"fa-accordion-icon fas fa-minus\"><\/i><\/span><span class=\"eael-accordion-tab-title\">Quais atividades estar\u00e3o dispon\u00edveis?<\/span><i aria-hidden=\"true\" class=\"fa-toggle fas fa-angle-right\"><\/i><\/div><div id=\"elementor-tab-content-7666\" class=\"eael-accordion-content clearfix\" data-tab=\"6\" aria-labelledby=\"quais-atividades-estaro-disponveis\"><p>Ser\u00e3o oferecidas diversas atividades: cursos de qualifica\u00e7\u00e3o para trabalhadores rurais e urbanos; mostras art\u00edsticas, cient\u00edficas e culturais; f\u00f3runs t\u00e9cnico-cient\u00edficos; apresenta\u00e7\u00e3o dos cursos t\u00e9cnicos e de gradua\u00e7\u00e3o da UFRRJ; visita educativa a uma minifazenda com v\u00e1rios animais; visita\u00e7\u00e3o aos museus da Universidade; torneios esportivos; leil\u00e3o de animais; feiras; pra\u00e7a de alimenta\u00e7\u00e3o, shows musicais e muito mais.<\/p><\/div>\n\t\t\t\t\t<\/div><div class=\"eael-accordion-list\">\n\t\t\t\t\t<div id=\"como-se-inscrever-em-minicursos-e-oficinas\" class=\"elementor-tab-title eael-accordion-header\" tabindex=\"0\" data-tab=\"7\" aria-controls=\"elementor-tab-content-7667\"><span class=\"eael-advanced-accordion-icon-closed\"><i aria-hidden=\"true\" class=\"fa-accordion-icon fas fa-plus\"><\/i><\/span><span class=\"eael-advanced-accordion-icon-opened\"><i aria-hidden=\"true\" class=\"fa-accordion-icon fas fa-minus\"><\/i><\/span><span class=\"eael-accordion-tab-title\">Como se inscrever em minicursos e oficinas?<\/span><i aria-hidden=\"true\" class=\"fa-toggle fas fa-angle-right\"><\/i><\/div><div id=\"elementor-tab-content-7667\" class=\"eael-accordion-content clearfix\" data-tab=\"7\" aria-labelledby=\"como-se-inscrever-em-minicursos-e-oficinas\"><p>As inscri\u00e7\u00f5es dos participantes nas oficinas e minicursos ser\u00e3o realizadas de modo unificado na p\u00e1gina oficial da Semana Rural, com prioridade para o p\u00fablico externo. As inscri\u00e7\u00f5es ser\u00e3o em breve!<\/p><\/div>\n\t\t\t\t\t<\/div><div class=\"eael-accordion-list\">\n\t\t\t\t\t<div id=\"o-que-o-circuito-escolar\" class=\"elementor-tab-title eael-accordion-header\" tabindex=\"0\" data-tab=\"8\" aria-controls=\"elementor-tab-content-7668\"><span class=\"eael-advanced-accordion-icon-closed\"><i aria-hidden=\"true\" class=\"fa-accordion-icon fas fa-plus\"><\/i><\/span><span class=\"eael-advanced-accordion-icon-opened\"><i aria-hidden=\"true\" class=\"fa-accordion-icon fas fa-minus\"><\/i><\/span><span class=\"eael-accordion-tab-title\">O que \u00e9 o Circuito Escolar?<\/span><i aria-hidden=\"true\" class=\"fa-toggle fas fa-angle-right\"><\/i><\/div><div id=\"elementor-tab-content-7668\" class=\"eael-accordion-content clearfix\" data-tab=\"8\" aria-labelledby=\"o-que-o-circuito-escolar\"><p>O Circuito Escolar consiste em diversas atividades direcionadas aos estudantes, tais como:<\/p><ul><li>Visita educativa a uma minifazenda instalada em frente ao pr\u00e9dio principal;<\/li><li>Mostra dos cursos t\u00e9cnicos e de gradua\u00e7\u00e3o oferecidos pela Universidade;<\/li><li>Apresenta\u00e7\u00f5es art\u00edsticas, cient\u00edficas e culturais;<\/li><li>Visita\u00e7\u00e3o aos museus e pr\u00e9dios hist\u00f3ricos da Universidade, dentre outras.<\/li><\/ul><\/div>\n\t\t\t\t\t<\/div><div class=\"eael-accordion-list\">\n\t\t\t\t\t<div id=\"quando-ocorrer-o-circuito-escolar-\" class=\"elementor-tab-title eael-accordion-header\" tabindex=\"0\" data-tab=\"9\" aria-controls=\"elementor-tab-content-7669\"><span class=\"eael-advanced-accordion-icon-closed\"><i aria-hidden=\"true\" class=\"fa-accordion-icon fas fa-plus\"><\/i><\/span><span class=\"eael-advanced-accordion-icon-opened\"><i aria-hidden=\"true\" class=\"fa-accordion-icon fas fa-minus\"><\/i><\/span><span class=\"eael-accordion-tab-title\">Quando ocorrer\u00e1 o circuito escolar? <\/span><i aria-hidden=\"true\" class=\"fa-toggle fas fa-angle-right\"><\/i><\/div><div id=\"elementor-tab-content-7669\" class=\"eael-accordion-content clearfix\" data-tab=\"9\" aria-labelledby=\"quando-ocorrer-o-circuito-escolar-\"><p>Ocorre entre os dias 25 e 28 de maio de 2026, no c\u00e2mpus Serop\u00e9dica da UFRRJ<\/p><\/div>\n\t\t\t\t\t<\/div><div class=\"eael-accordion-list\">\n\t\t\t\t\t<div id=\"como-inscrever-minha-escola-no-circuito-escolar\" class=\"elementor-tab-title eael-accordion-header\" tabindex=\"0\" data-tab=\"10\" aria-controls=\"elementor-tab-content-76610\"><span class=\"eael-advanced-accordion-icon-closed\"><i aria-hidden=\"true\" class=\"fa-accordion-icon fas fa-plus\"><\/i><\/span><span class=\"eael-advanced-accordion-icon-opened\"><i aria-hidden=\"true\" class=\"fa-accordion-icon fas fa-minus\"><\/i><\/span><span class=\"eael-accordion-tab-title\">Como inscrever minha escola no Circuito Escolar?<\/span><i aria-hidden=\"true\" class=\"fa-toggle fas fa-angle-right\"><\/i><\/div><div id=\"elementor-tab-content-76610\" class=\"eael-accordion-content clearfix\" data-tab=\"10\" aria-labelledby=\"como-inscrever-minha-escola-no-circuito-escolar\"><p>Envie um e-mail para <a href=\"mailto:semanarural@ufrrj.br\">semanarural@ufrrj.br<\/a><\/p><\/div>\n\t\t\t\t\t<\/div><div class=\"eael-accordion-list\">\n\t\t\t\t\t<div id=\"como-fao-para-alugar-espaos-durante-o-evento-para-comercializao-\" class=\"elementor-tab-title eael-accordion-header\" tabindex=\"0\" data-tab=\"11\" aria-controls=\"elementor-tab-content-76611\"><span class=\"eael-advanced-accordion-icon-closed\"><i aria-hidden=\"true\" class=\"fa-accordion-icon fas fa-plus\"><\/i><\/span><span class=\"eael-advanced-accordion-icon-opened\"><i aria-hidden=\"true\" class=\"fa-accordion-icon fas fa-minus\"><\/i><\/span><span class=\"eael-accordion-tab-title\">Como fa\u00e7o para alugar espa\u00e7os durante o evento para comercializa\u00e7\u00e3o? <\/span><i aria-hidden=\"true\" class=\"fa-toggle fas fa-angle-right\"><\/i><\/div><div id=\"elementor-tab-content-76611\" class=\"eael-accordion-content clearfix\" data-tab=\"11\" aria-labelledby=\"como-fao-para-alugar-espaos-durante-o-evento-para-comercializao-\"><p>As normas para utiliza\u00e7\u00e3o de espa\u00e7os para fins comerciais ainda n\u00e3o foram divulgadas. Em breve, as regras ser\u00e3o amplamente publicizadas nos meios de divulga\u00e7\u00e3o do evento.<\/p><\/div>\n\t\t\t\t\t<\/div><\/div>\t\t\t\t<\/div>\n\t\t\t\t<\/div>\n\t\t\t\t\t<\/div>\n\t\t<\/div>\n\t\t\t\t\t<\/div>\n\t\t<\/section>\n\t\t\t\t<\/div>\n\t\t","protected":false},"excerpt":{"rendered":"<p>O que \u00e9 a Semana Rural? A Semana Rural\u00a0\u00e9 o maior evento acad\u00eamico da UFRRJ com atividades art\u00edsticas, cient\u00edficas, culturais, educativas, esportivas, [&hellip;]<\/p>\n","protected":false},"author":7,"featured_media":0,"parent":0,"menu_order":0,"comment_status":"closed","ping_status":"closed","template":"","meta":{"footnotes":""},"class_list":["post-2180","page","type-page","status-publish","hentry"],"yoast_head":"<!-- This site is optimized with the Yoast SEO plugin v27.2 - https:\/\/yoast.com\/product\/yoast-seo-wordpress\/ -->\n<title>FAQ - Semana Rural 2026<\/title>\n<meta name=\"robots\" content=\"index, follow, max-snippet:-1, max-image-preview:large, max-video-preview:-1\" \/>\n<link rel=\"canonical\" href=\"https:\/\/semanarural.ufrrj.br\/2026\/faq\/\" \/>\n<meta property=\"og:locale\" content=\"pt_BR\" \/>\n<meta property=\"og:type\" content=\"article\" \/>\n<meta property=\"og:title\" content=\"FAQ - Semana Rural 2026\" \/>\n<meta property=\"og:description\" content=\"O que \u00e9 a Semana Rural? A Semana Rural\u00a0\u00e9 o maior evento acad\u00eamico da UFRRJ com atividades art\u00edsticas, cient\u00edficas, culturais, educativas, esportivas, [&hellip;]\" \/>\n<meta property=\"og:url\" content=\"https:\/\/semanarural.ufrrj.br\/2026\/faq\/\" \/>\n<meta property=\"og:site_name\" content=\"Semana Rural 2026\" \/>\n<meta property=\"article:publisher\" content=\"https:\/\/www.facebook.com\/profile.php?id=100092434855415\" \/>\n<meta property=\"article:modified_time\" content=\"2026-04-09T12:04:33+00:00\" \/>\n<meta name=\"twitter:card\" content=\"summary_large_image\" \/>\n<meta name=\"twitter:label1\" content=\"Est. tempo de leitura\" \/>\n\t<meta name=\"twitter:data1\" content=\"3 minutos\" \/>\n<script type=\"application\/ld+json\" class=\"yoast-schema-graph\">{\"@context\":\"https:\/\/schema.org\",\"@graph\":[{\"@type\":\"WebPage\",\"@id\":\"https:\/\/semanarural.ufrrj.br\/2026\/faq\/\",\"url\":\"https:\/\/semanarural.ufrrj.br\/2026\/faq\/\",\"name\":\"FAQ - Semana Rural 2026\",\"isPartOf\":{\"@id\":\"https:\/\/semanarural.ufrrj.br\/2026\/#website\"},\"datePublished\":\"2026-04-09T11:58:33+00:00\",\"dateModified\":\"2026-04-09T12:04:33+00:00\",\"breadcrumb\":{\"@id\":\"https:\/\/semanarural.ufrrj.br\/2026\/faq\/#breadcrumb\"},\"inLanguage\":\"pt-BR\",\"potentialAction\":[{\"@type\":\"ReadAction\",\"target\":[\"https:\/\/semanarural.ufrrj.br\/2026\/faq\/\"]}]},{\"@type\":\"BreadcrumbList\",\"@id\":\"https:\/\/semanarural.ufrrj.br\/2026\/faq\/#breadcrumb\",\"itemListElement\":[{\"@type\":\"ListItem\",\"position\":1,\"name\":\"In\u00edcio\",\"item\":\"https:\/\/semanarural.ufrrj.br\/2026\/\"},{\"@type\":\"ListItem\",\"position\":2,\"name\":\"FAQ\"}]},{\"@type\":\"WebSite\",\"@id\":\"https:\/\/semanarural.ufrrj.br\/2026\/#website\",\"url\":\"https:\/\/semanarural.ufrrj.br\/2026\/\",\"name\":\"Semana Rural 2026\",\"description\":\"\",\"potentialAction\":[{\"@type\":\"SearchAction\",\"target\":{\"@type\":\"EntryPoint\",\"urlTemplate\":\"https:\/\/semanarural.ufrrj.br\/2026\/?s={search_term_string}\"},\"query-input\":{\"@type\":\"PropertyValueSpecification\",\"valueRequired\":true,\"valueName\":\"search_term_string\"}}],\"inLanguage\":\"pt-BR\"}]}<\/script>\n<!-- \/ Yoast SEO plugin. -->","yoast_head_json":{"title":"FAQ - Semana Rural 2026","robots":{"index":"index","follow":"follow","max-snippet":"max-snippet:-1","max-image-preview":"max-image-preview:large","max-video-preview":"max-video-preview:-1"},"canonical":"https:\/\/semanarural.ufrrj.br\/2026\/faq\/","og_locale":"pt_BR","og_type":"article","og_title":"FAQ - Semana Rural 2026","og_description":"O que \u00e9 a Semana Rural? A Semana Rural\u00a0\u00e9 o maior evento acad\u00eamico da UFRRJ com atividades art\u00edsticas, cient\u00edficas, culturais, educativas, esportivas, [&hellip;]","og_url":"https:\/\/semanarural.ufrrj.br\/2026\/faq\/","og_site_name":"Semana Rural 2026","article_publisher":"https:\/\/www.facebook.com\/profile.php?id=100092434855415","article_modified_time":"2026-04-09T12:04:33+00:00","twitter_card":"summary_large_image","twitter_misc":{"Est. tempo de leitura":"3 minutos"},"schema":{"@context":"https:\/\/schema.org","@graph":[{"@type":"WebPage","@id":"https:\/\/semanarural.ufrrj.br\/2026\/faq\/","url":"https:\/\/semanarural.ufrrj.br\/2026\/faq\/","name":"FAQ - Semana Rural 2026","isPartOf":{"@id":"https:\/\/semanarural.ufrrj.br\/2026\/#website"},"datePublished":"2026-04-09T11:58:33+00:00","dateModified":"2026-04-09T12:04:33+00:00","breadcrumb":{"@id":"https:\/\/semanarural.ufrrj.br\/2026\/faq\/#breadcrumb"},"inLanguage":"pt-BR","potentialAction":[{"@type":"ReadAction","target":["https:\/\/semanarural.ufrrj.br\/2026\/faq\/"]}]},{"@type":"BreadcrumbList","@id":"https:\/\/semanarural.ufrrj.br\/2026\/faq\/#breadcrumb","itemListElement":[{"@type":"ListItem","position":1,"name":"In\u00edcio","item":"https:\/\/semanarural.ufrrj.br\/2026\/"},{"@type":"ListItem","position":2,"name":"FAQ"}]},{"@type":"WebSite","@id":"https:\/\/semanarural.ufrrj.br\/2026\/#website","url":"https:\/\/semanarural.ufrrj.br\/2026\/","name":"Semana Rural 2026","description":"","potentialAction":[{"@type":"SearchAction","target":{"@type":"EntryPoint","urlTemplate":"https:\/\/semanarural.ufrrj.br\/2026\/?s={search_term_string}"},"query-input":{"@type":"PropertyValueSpecification","valueRequired":true,"valueName":"search_term_string"}}],"inLanguage":"pt-BR"}]}},"_links":{"self":[{"href":"https:\/\/semanarural.ufrrj.br\/2026\/wp-json\/wp\/v2\/pages\/2180","targetHints":{"allow":["GET"]}}],"collection":[{"href":"https:\/\/semanarural.ufrrj.br\/2026\/wp-json\/wp\/v2\/pages"}],"about":[{"href":"https:\/\/semanarural.ufrrj.br\/2026\/wp-json\/wp\/v2\/types\/page"}],"author":[{"embeddable":true,"href":"https:\/\/semanarural.ufrrj.br\/2026\/wp-json\/wp\/v2\/users\/7"}],"replies":[{"embeddable":true,"href":"https:\/\/semanarural.ufrrj.br\/2026\/wp-json\/wp\/v2\/comments?post=2180"}],"version-history":[{"count":7,"href":"https:\/\/semanarural.ufrrj.br\/2026\/wp-json\/wp\/v2\/pages\/2180\/revisions"}],"predecessor-version":[{"id":2188,"href":"https:\/\/semanarural.ufrrj.br\/2026\/wp-json\/wp\/v2\/pages\/2180\/revisions\/2188"}],"wp:attachment":[{"href":"https:\/\/semanarural.ufrrj.br\/2026\/wp-json\/wp\/v2\/media?parent=2180"}],"curies":[{"name":"wp","href":"https:\/\/api.w.org\/{rel}","templated":true}]}}