{"id":2193,"date":"2026-04-10T14:34:58","date_gmt":"2026-04-10T17:34:58","guid":{"rendered":"https:\/\/semanarural.ufrrj.br\/2026\/?page_id=2193"},"modified":"2026-04-10T15:22:13","modified_gmt":"2026-04-10T18:22:13","slug":"modelos-para-divulgacao","status":"publish","type":"page","link":"https:\/\/semanarural.ufrrj.br\/2026\/modelos-para-divulgacao\/","title":{"rendered":"Templates para divulga\u00e7\u00e3o"},"content":{"rendered":"\t\t<div data-elementor-type=\"wp-page\" data-elementor-id=\"2193\" class=\"elementor elementor-2193\">\n\t\t\t\t\t\t<section class=\"elementor-section elementor-top-section elementor-element elementor-element-c7b4f93 elementor-section-boxed elementor-section-height-default elementor-section-height-default\" data-id=\"c7b4f93\" data-element_type=\"section\" data-e-type=\"section\">\n\t\t\t\t\t\t<div class=\"elementor-container elementor-column-gap-default\">\n\t\t\t\t\t<div class=\"elementor-column elementor-col-100 elementor-top-column elementor-element elementor-element-729ed4f\" data-id=\"729ed4f\" data-element_type=\"column\" data-e-type=\"column\">\n\t\t\t<div class=\"elementor-widget-wrap elementor-element-populated\">\n\t\t\t\t\t\t<div class=\"elementor-element elementor-element-f4f4638 elementor-position-left elementor-vertical-align-middle elementor-widget elementor-widget-image-box\" data-id=\"f4f4638\" data-element_type=\"widget\" data-e-type=\"widget\" data-widget_type=\"image-box.default\">\n\t\t\t\t<div class=\"elementor-widget-container\">\n\t\t\t\t\t<div class=\"elementor-image-box-wrapper\"><figure class=\"elementor-image-box-img\"><a href=\"https:\/\/semanarural.ufrrj.br\/2026\/wp-content\/uploads\/sites\/5\/2026\/04\/card_divulgacao_semana_rural2026.pptx\" target=\"_blank\" tabindex=\"-1\"><img fetchpriority=\"high\" decoding=\"async\" width=\"800\" height=\"800\" src=\"https:\/\/semanarural.ufrrj.br\/2026\/wp-content\/uploads\/sites\/5\/2026\/04\/img_card_site.png\" class=\"attachment-full size-full wp-image-2196\" alt=\"\" srcset=\"https:\/\/semanarural.ufrrj.br\/2026\/wp-content\/uploads\/sites\/5\/2026\/04\/img_card_site.png 800w, https:\/\/semanarural.ufrrj.br\/2026\/wp-content\/uploads\/sites\/5\/2026\/04\/img_card_site-300x300.png 300w, https:\/\/semanarural.ufrrj.br\/2026\/wp-content\/uploads\/sites\/5\/2026\/04\/img_card_site-150x150.png 150w, https:\/\/semanarural.ufrrj.br\/2026\/wp-content\/uploads\/sites\/5\/2026\/04\/img_card_site-768x768.png 768w, https:\/\/semanarural.ufrrj.br\/2026\/wp-content\/uploads\/sites\/5\/2026\/04\/img_card_site-200x200.png 200w, https:\/\/semanarural.ufrrj.br\/2026\/wp-content\/uploads\/sites\/5\/2026\/04\/img_card_site-70x70.png 70w\" sizes=\"(max-width: 800px) 100vw, 800px\" \/><\/a><\/figure><div class=\"elementor-image-box-content\"><h3 class=\"elementor-image-box-title\"><a href=\"https:\/\/semanarural.ufrrj.br\/2026\/wp-content\/uploads\/sites\/5\/2026\/04\/card_divulgacao_semana_rural2026.pptx\" target=\"_blank\">Modelo de Cards para o instagram<\/a><\/h3><p class=\"elementor-image-box-description\">Fa\u00e7a download do arquivo em MS PowerPoint, escolha um template, edite com as informa\u00e7\u00f5es do seu evento e divulgue nas suas redes sociais, marcando a Semana Rural.<\/p><\/div><\/div>\t\t\t\t<\/div>\n\t\t\t\t<\/div>\n\t\t\t\t<div class=\"elementor-element elementor-element-38c2099 elementor-align-center elementor-widget elementor-widget-button\" data-id=\"38c2099\" data-element_type=\"widget\" data-e-type=\"widget\" data-widget_type=\"button.default\">\n\t\t\t\t<div class=\"elementor-widget-container\">\n\t\t\t\t\t\t\t\t\t<div class=\"elementor-button-wrapper\">\n\t\t\t\t\t<a class=\"elementor-button elementor-button-link elementor-size-sm\" href=\"https:\/\/semanarural.ufrrj.br\/2026\/wp-content\/uploads\/sites\/5\/2026\/04\/card_divulgacao_semana_rural2026.pptx\">\n\t\t\t\t\t\t<span class=\"elementor-button-content-wrapper\">\n\t\t\t\t\t\t\t\t\t<span class=\"elementor-button-text\">Clique aqui<\/span>\n\t\t\t\t\t<\/span>\n\t\t\t\t\t<\/a>\n\t\t\t\t<\/div>\n\t\t\t\t\t\t\t\t<\/div>\n\t\t\t\t<\/div>\n\t\t\t\t<div class=\"elementor-element elementor-element-e494761 elementor-widget-divider--view-line elementor-widget elementor-widget-divider\" data-id=\"e494761\" data-element_type=\"widget\" data-e-type=\"widget\" data-widget_type=\"divider.default\">\n\t\t\t\t<div class=\"elementor-widget-container\">\n\t\t\t\t\t\t\t<div class=\"elementor-divider\">\n\t\t\t<span class=\"elementor-divider-separator\">\n\t\t\t\t\t\t<\/span>\n\t\t<\/div>\n\t\t\t\t\t\t<\/div>\n\t\t\t\t<\/div>\n\t\t\t\t\t<\/div>\n\t\t<\/div>\n\t\t\t\t\t<\/div>\n\t\t<\/section>\n\t\t\t\t<section class=\"elementor-section elementor-top-section elementor-element elementor-element-a904e02 elementor-section-boxed elementor-section-height-default elementor-section-height-default\" data-id=\"a904e02\" data-element_type=\"section\" data-e-type=\"section\">\n\t\t\t\t\t\t<div class=\"elementor-container elementor-column-gap-default\">\n\t\t\t\t\t<div class=\"elementor-column elementor-col-100 elementor-top-column elementor-element elementor-element-9b20a9e\" data-id=\"9b20a9e\" data-element_type=\"column\" data-e-type=\"column\">\n\t\t\t<div class=\"elementor-widget-wrap elementor-element-populated\">\n\t\t\t\t\t\t<div class=\"elementor-element elementor-element-a7d145f elementor-widget elementor-widget-heading\" data-id=\"a7d145f\" data-element_type=\"widget\" data-e-type=\"widget\" data-widget_type=\"heading.default\">\n\t\t\t\t<div class=\"elementor-widget-container\">\n\t\t\t\t\t<h2 class=\"elementor-heading-title elementor-size-default\">Tutorial<\/h2>\t\t\t\t<\/div>\n\t\t\t\t<\/div>\n\t\t\t\t<div class=\"elementor-element elementor-element-e113a1c elementor-widget elementor-widget-heading\" data-id=\"e113a1c\" data-element_type=\"widget\" data-e-type=\"widget\" data-widget_type=\"heading.default\">\n\t\t\t\t<div class=\"elementor-widget-container\">\n\t\t\t\t\t<h4 class=\"elementor-heading-title elementor-size-default\">Preenchendo os dados no arquivo PowerPoint<\/h4>\t\t\t\t<\/div>\n\t\t\t\t<\/div>\n\t\t\t\t<div class=\"elementor-element elementor-element-770ae8e elementor-widget elementor-widget-image\" data-id=\"770ae8e\" data-element_type=\"widget\" data-e-type=\"widget\" data-widget_type=\"image.default\">\n\t\t\t\t<div class=\"elementor-widget-container\">\n\t\t\t\t\t\t\t\t\t\t\t\t\t\t\t<img decoding=\"async\" width=\"632\" height=\"670\" src=\"https:\/\/semanarural.ufrrj.br\/2026\/wp-content\/uploads\/sites\/5\/2026\/04\/img_card_site_tutorial.png\" class=\"attachment-large size-large wp-image-2212\" alt=\"\" srcset=\"https:\/\/semanarural.ufrrj.br\/2026\/wp-content\/uploads\/sites\/5\/2026\/04\/img_card_site_tutorial.png 632w, https:\/\/semanarural.ufrrj.br\/2026\/wp-content\/uploads\/sites\/5\/2026\/04\/img_card_site_tutorial-283x300.png 283w, https:\/\/semanarural.ufrrj.br\/2026\/wp-content\/uploads\/sites\/5\/2026\/04\/img_card_site_tutorial-66x70.png 66w\" sizes=\"(max-width: 632px) 100vw, 632px\" \/>\t\t\t\t\t\t\t\t\t\t\t\t\t\t\t<\/div>\n\t\t\t\t<\/div>\n\t\t\t\t<div class=\"elementor-element elementor-element-d65cbd5 elementor-widget elementor-widget-text-editor\" data-id=\"d65cbd5\" data-element_type=\"widget\" data-e-type=\"widget\" data-widget_type=\"text-editor.default\">\n\t\t\t\t<div class=\"elementor-widget-container\">\n\t\t\t\t\t\t\t\t\t<ol><li>Insira o tema ou a grande \u00e1rea do CNPq;<\/li><li>Insira o T\u00edtulo do evento ou minicurso que ser\u00e1 ministrado\/apresentado;<\/li><li>\u00a0Escreva aqui se \u00e9 um Evento, uma palestra ou um minicurso;<\/li><li>Indique aqui o dia e a hora do evento;<\/li><li>Insira o local onde ir\u00e1 ocorrer o evento;<\/li><li>Altere a imagem para uma que represente o seu evento.<\/li><\/ol><div>Voc\u00ea pode movimentar os quadros pela imagem, mas lembre de deixar as partes mais importantes da imagem a mostra. Fizemos quatro op\u00e7\u00f5es de cores para que nossa divulga\u00e7\u00e3o fique lindona! Fa\u00e7a parte desse mega evento.\u00a0<\/div>\t\t\t\t\t\t\t\t<\/div>\n\t\t\t\t<\/div>\n\t\t\t\t<div class=\"elementor-element elementor-element-7c02325 elementor-widget elementor-widget-heading\" data-id=\"7c02325\" data-element_type=\"widget\" data-e-type=\"widget\" data-widget_type=\"heading.default\">\n\t\t\t\t<div class=\"elementor-widget-container\">\n\t\t\t\t\t<h4 class=\"elementor-heading-title elementor-size-default\">Salvar imagem para divulga\u00e7\u00e3o<\/h4>\t\t\t\t<\/div>\n\t\t\t\t<\/div>\n\t\t\t\t<div class=\"elementor-element elementor-element-2c0873a elementor-widget elementor-widget-text-editor\" data-id=\"2c0873a\" data-element_type=\"widget\" data-e-type=\"widget\" data-widget_type=\"text-editor.default\">\n\t\t\t\t<div class=\"elementor-widget-container\">\n\t\t\t\t\t\t\t\t\t<p>Ap\u00f3s a edi\u00e7\u00e3o, clique no menu <strong>Arquivo<\/strong>, depois <strong>Salvar como<\/strong>. e clique em <strong>Procurar<\/strong> para selecionar a pasta em que voc\u00ea ir\u00e1 salvar o arquivo.<\/p><p>Abrir\u00e1 uma janela como na imagem abaixo. Selecione o formato <strong>PNG<\/strong> ou <strong>JPEG<\/strong>.\u00a0<\/p>\t\t\t\t\t\t\t\t<\/div>\n\t\t\t\t<\/div>\n\t\t\t\t<div class=\"elementor-element elementor-element-25181c7 elementor-widget elementor-widget-image\" data-id=\"25181c7\" data-element_type=\"widget\" data-e-type=\"widget\" data-widget_type=\"image.default\">\n\t\t\t\t<div class=\"elementor-widget-container\">\n\t\t\t\t\t\t\t\t\t\t\t\t\t\t\t<img decoding=\"async\" width=\"800\" height=\"800\" src=\"https:\/\/semanarural.ufrrj.br\/2026\/wp-content\/uploads\/sites\/5\/2026\/04\/img_card_site_tutorial02_salvar_como.png\" class=\"attachment-large size-large wp-image-2217\" alt=\"\" srcset=\"https:\/\/semanarural.ufrrj.br\/2026\/wp-content\/uploads\/sites\/5\/2026\/04\/img_card_site_tutorial02_salvar_como.png 800w, https:\/\/semanarural.ufrrj.br\/2026\/wp-content\/uploads\/sites\/5\/2026\/04\/img_card_site_tutorial02_salvar_como-300x300.png 300w, https:\/\/semanarural.ufrrj.br\/2026\/wp-content\/uploads\/sites\/5\/2026\/04\/img_card_site_tutorial02_salvar_como-150x150.png 150w, https:\/\/semanarural.ufrrj.br\/2026\/wp-content\/uploads\/sites\/5\/2026\/04\/img_card_site_tutorial02_salvar_como-768x768.png 768w, https:\/\/semanarural.ufrrj.br\/2026\/wp-content\/uploads\/sites\/5\/2026\/04\/img_card_site_tutorial02_salvar_como-200x200.png 200w, https:\/\/semanarural.ufrrj.br\/2026\/wp-content\/uploads\/sites\/5\/2026\/04\/img_card_site_tutorial02_salvar_como-70x70.png 70w\" sizes=\"(max-width: 800px) 100vw, 800px\" \/>\t\t\t\t\t\t\t\t\t\t\t\t\t\t\t<\/div>\n\t\t\t\t<\/div>\n\t\t\t\t<div class=\"elementor-element elementor-element-47b62be elementor-widget elementor-widget-text-editor\" data-id=\"47b62be\" data-element_type=\"widget\" data-e-type=\"widget\" data-widget_type=\"text-editor.default\">\n\t\t\t\t<div class=\"elementor-widget-container\">\n\t\t\t\t\t\t\t\t\t<p>Ap\u00f3s selecionar o formato PNG ou JPEG, clique em <strong>Salvar<\/strong>. Logo aparecer\u00e1 uma nova janela perguntando se voc\u00ea quer exportar todos os slides ou apenas o atual. Selecione o bot\u00e3o <strong>Apenas Este<\/strong>.\u00a0<\/p>\t\t\t\t\t\t\t\t<\/div>\n\t\t\t\t<\/div>\n\t\t\t\t<div class=\"elementor-element elementor-element-54e6e29 elementor-widget elementor-widget-image\" data-id=\"54e6e29\" data-element_type=\"widget\" data-e-type=\"widget\" data-widget_type=\"image.default\">\n\t\t\t\t<div class=\"elementor-widget-container\">\n\t\t\t\t\t\t\t\t\t\t\t\t\t\t\t<img loading=\"lazy\" decoding=\"async\" width=\"445\" height=\"113\" src=\"https:\/\/semanarural.ufrrj.br\/2026\/wp-content\/uploads\/sites\/5\/2026\/04\/img_card_site_tutorial03_salvar_como.png\" class=\"attachment-large size-large wp-image-2218\" alt=\"\" srcset=\"https:\/\/semanarural.ufrrj.br\/2026\/wp-content\/uploads\/sites\/5\/2026\/04\/img_card_site_tutorial03_salvar_como.png 445w, https:\/\/semanarural.ufrrj.br\/2026\/wp-content\/uploads\/sites\/5\/2026\/04\/img_card_site_tutorial03_salvar_como-300x76.png 300w, https:\/\/semanarural.ufrrj.br\/2026\/wp-content\/uploads\/sites\/5\/2026\/04\/img_card_site_tutorial03_salvar_como-276x70.png 276w\" sizes=\"(max-width: 445px) 100vw, 445px\" \/>\t\t\t\t\t\t\t\t\t\t\t\t\t\t\t<\/div>\n\t\t\t\t<\/div>\n\t\t\t\t<div class=\"elementor-element elementor-element-ace1260 elementor-widget elementor-widget-text-editor\" data-id=\"ace1260\" data-element_type=\"widget\" data-e-type=\"widget\" data-widget_type=\"text-editor.default\">\n\t\t\t\t<div class=\"elementor-widget-container\">\n\t\t\t\t\t\t\t\t\t<p>Pronto, agora \u00e9 s\u00f3 publicar em suas redes sociais ajudando assim na divulga\u00e7\u00e3o do evento.<\/p>\t\t\t\t\t\t\t\t<\/div>\n\t\t\t\t<\/div>\n\t\t\t\t\t<\/div>\n\t\t<\/div>\n\t\t\t\t\t<\/div>\n\t\t<\/section>\n\t\t\t\t<\/div>\n\t\t","protected":false},"excerpt":{"rendered":"<p>Modelo de Cards para o instagram Fa\u00e7a download do arquivo em MS PowerPoint, escolha um template, edite com as informa\u00e7\u00f5es do seu [&hellip;]<\/p>\n","protected":false},"author":7,"featured_media":0,"parent":0,"menu_order":0,"comment_status":"closed","ping_status":"closed","template":"","meta":{"footnotes":""},"class_list":["post-2193","page","type-page","status-publish","hentry"],"yoast_head":"<!-- This site is optimized with the Yoast SEO plugin v27.2 - https:\/\/yoast.com\/product\/yoast-seo-wordpress\/ -->\n<title>Templates para divulga\u00e7\u00e3o - Semana Rural 2026<\/title>\n<meta name=\"robots\" content=\"index, follow, max-snippet:-1, max-image-preview:large, max-video-preview:-1\" \/>\n<link rel=\"canonical\" href=\"https:\/\/semanarural.ufrrj.br\/2026\/modelos-para-divulgacao\/\" \/>\n<meta property=\"og:locale\" content=\"pt_BR\" \/>\n<meta property=\"og:type\" content=\"article\" \/>\n<meta property=\"og:title\" content=\"Templates para divulga\u00e7\u00e3o - Semana Rural 2026\" \/>\n<meta property=\"og:description\" content=\"Modelo de Cards para o instagram Fa\u00e7a download do arquivo em MS PowerPoint, escolha um template, edite com as informa\u00e7\u00f5es do seu [&hellip;]\" \/>\n<meta property=\"og:url\" content=\"https:\/\/semanarural.ufrrj.br\/2026\/modelos-para-divulgacao\/\" \/>\n<meta property=\"og:site_name\" content=\"Semana Rural 2026\" \/>\n<meta property=\"article:publisher\" content=\"https:\/\/www.facebook.com\/profile.php?id=100092434855415\" \/>\n<meta property=\"article:modified_time\" content=\"2026-04-10T18:22:13+00:00\" \/>\n<meta property=\"og:image\" content=\"https:\/\/semanarural.ufrrj.br\/2026\/wp-content\/uploads\/sites\/5\/2026\/04\/img_card_site.png\" \/>\n\t<meta property=\"og:image:width\" content=\"800\" \/>\n\t<meta property=\"og:image:height\" content=\"800\" \/>\n\t<meta property=\"og:image:type\" content=\"image\/png\" \/>\n<meta name=\"twitter:card\" content=\"summary_large_image\" \/>\n<meta name=\"twitter:label1\" content=\"Est. tempo de leitura\" \/>\n\t<meta name=\"twitter:data1\" content=\"3 minutos\" \/>\n<script type=\"application\/ld+json\" class=\"yoast-schema-graph\">{\"@context\":\"https:\/\/schema.org\",\"@graph\":[{\"@type\":\"WebPage\",\"@id\":\"https:\/\/semanarural.ufrrj.br\/2026\/modelos-para-divulgacao\/\",\"url\":\"https:\/\/semanarural.ufrrj.br\/2026\/modelos-para-divulgacao\/\",\"name\":\"Templates para divulga\u00e7\u00e3o - Semana Rural 2026\",\"isPartOf\":{\"@id\":\"https:\/\/semanarural.ufrrj.br\/2026\/#website\"},\"primaryImageOfPage\":{\"@id\":\"https:\/\/semanarural.ufrrj.br\/2026\/modelos-para-divulgacao\/#primaryimage\"},\"image\":{\"@id\":\"https:\/\/semanarural.ufrrj.br\/2026\/modelos-para-divulgacao\/#primaryimage\"},\"thumbnailUrl\":\"https:\/\/semanarural.ufrrj.br\/2026\/wp-content\/uploads\/sites\/5\/2026\/04\/img_card_site.png\",\"datePublished\":\"2026-04-10T17:34:58+00:00\",\"dateModified\":\"2026-04-10T18:22:13+00:00\",\"breadcrumb\":{\"@id\":\"https:\/\/semanarural.ufrrj.br\/2026\/modelos-para-divulgacao\/#breadcrumb\"},\"inLanguage\":\"pt-BR\",\"potentialAction\":[{\"@type\":\"ReadAction\",\"target\":[\"https:\/\/semanarural.ufrrj.br\/2026\/modelos-para-divulgacao\/\"]}]},{\"@type\":\"ImageObject\",\"inLanguage\":\"pt-BR\",\"@id\":\"https:\/\/semanarural.ufrrj.br\/2026\/modelos-para-divulgacao\/#primaryimage\",\"url\":\"https:\/\/semanarural.ufrrj.br\/2026\/wp-content\/uploads\/sites\/5\/2026\/04\/img_card_site.png\",\"contentUrl\":\"https:\/\/semanarural.ufrrj.br\/2026\/wp-content\/uploads\/sites\/5\/2026\/04\/img_card_site.png\",\"width\":800,\"height\":800},{\"@type\":\"BreadcrumbList\",\"@id\":\"https:\/\/semanarural.ufrrj.br\/2026\/modelos-para-divulgacao\/#breadcrumb\",\"itemListElement\":[{\"@type\":\"ListItem\",\"position\":1,\"name\":\"In\u00edcio\",\"item\":\"https:\/\/semanarural.ufrrj.br\/2026\/\"},{\"@type\":\"ListItem\",\"position\":2,\"name\":\"Templates para divulga\u00e7\u00e3o\"}]},{\"@type\":\"WebSite\",\"@id\":\"https:\/\/semanarural.ufrrj.br\/2026\/#website\",\"url\":\"https:\/\/semanarural.ufrrj.br\/2026\/\",\"name\":\"Semana Rural 2026\",\"description\":\"\",\"potentialAction\":[{\"@type\":\"SearchAction\",\"target\":{\"@type\":\"EntryPoint\",\"urlTemplate\":\"https:\/\/semanarural.ufrrj.br\/2026\/?s={search_term_string}\"},\"query-input\":{\"@type\":\"PropertyValueSpecification\",\"valueRequired\":true,\"valueName\":\"search_term_string\"}}],\"inLanguage\":\"pt-BR\"}]}<\/script>\n<!-- \/ Yoast SEO plugin. -->","yoast_head_json":{"title":"Templates para divulga\u00e7\u00e3o - Semana Rural 2026","robots":{"index":"index","follow":"follow","max-snippet":"max-snippet:-1","max-image-preview":"max-image-preview:large","max-video-preview":"max-video-preview:-1"},"canonical":"https:\/\/semanarural.ufrrj.br\/2026\/modelos-para-divulgacao\/","og_locale":"pt_BR","og_type":"article","og_title":"Templates para divulga\u00e7\u00e3o - Semana Rural 2026","og_description":"Modelo de Cards para o instagram Fa\u00e7a download do arquivo em MS PowerPoint, escolha um template, edite com as informa\u00e7\u00f5es do seu [&hellip;]","og_url":"https:\/\/semanarural.ufrrj.br\/2026\/modelos-para-divulgacao\/","og_site_name":"Semana Rural 2026","article_publisher":"https:\/\/www.facebook.com\/profile.php?id=100092434855415","article_modified_time":"2026-04-10T18:22:13+00:00","og_image":[{"width":800,"height":800,"url":"https:\/\/semanarural.ufrrj.br\/2026\/wp-content\/uploads\/sites\/5\/2026\/04\/img_card_site.png","type":"image\/png"}],"twitter_card":"summary_large_image","twitter_misc":{"Est. tempo de leitura":"3 minutos"},"schema":{"@context":"https:\/\/schema.org","@graph":[{"@type":"WebPage","@id":"https:\/\/semanarural.ufrrj.br\/2026\/modelos-para-divulgacao\/","url":"https:\/\/semanarural.ufrrj.br\/2026\/modelos-para-divulgacao\/","name":"Templates para divulga\u00e7\u00e3o - Semana Rural 2026","isPartOf":{"@id":"https:\/\/semanarural.ufrrj.br\/2026\/#website"},"primaryImageOfPage":{"@id":"https:\/\/semanarural.ufrrj.br\/2026\/modelos-para-divulgacao\/#primaryimage"},"image":{"@id":"https:\/\/semanarural.ufrrj.br\/2026\/modelos-para-divulgacao\/#primaryimage"},"thumbnailUrl":"https:\/\/semanarural.ufrrj.br\/2026\/wp-content\/uploads\/sites\/5\/2026\/04\/img_card_site.png","datePublished":"2026-04-10T17:34:58+00:00","dateModified":"2026-04-10T18:22:13+00:00","breadcrumb":{"@id":"https:\/\/semanarural.ufrrj.br\/2026\/modelos-para-divulgacao\/#breadcrumb"},"inLanguage":"pt-BR","potentialAction":[{"@type":"ReadAction","target":["https:\/\/semanarural.ufrrj.br\/2026\/modelos-para-divulgacao\/"]}]},{"@type":"ImageObject","inLanguage":"pt-BR","@id":"https:\/\/semanarural.ufrrj.br\/2026\/modelos-para-divulgacao\/#primaryimage","url":"https:\/\/semanarural.ufrrj.br\/2026\/wp-content\/uploads\/sites\/5\/2026\/04\/img_card_site.png","contentUrl":"https:\/\/semanarural.ufrrj.br\/2026\/wp-content\/uploads\/sites\/5\/2026\/04\/img_card_site.png","width":800,"height":800},{"@type":"BreadcrumbList","@id":"https:\/\/semanarural.ufrrj.br\/2026\/modelos-para-divulgacao\/#breadcrumb","itemListElement":[{"@type":"ListItem","position":1,"name":"In\u00edcio","item":"https:\/\/semanarural.ufrrj.br\/2026\/"},{"@type":"ListItem","position":2,"name":"Templates para divulga\u00e7\u00e3o"}]},{"@type":"WebSite","@id":"https:\/\/semanarural.ufrrj.br\/2026\/#website","url":"https:\/\/semanarural.ufrrj.br\/2026\/","name":"Semana Rural 2026","description":"","potentialAction":[{"@type":"SearchAction","target":{"@type":"EntryPoint","urlTemplate":"https:\/\/semanarural.ufrrj.br\/2026\/?s={search_term_string}"},"query-input":{"@type":"PropertyValueSpecification","valueRequired":true,"valueName":"search_term_string"}}],"inLanguage":"pt-BR"}]}},"_links":{"self":[{"href":"https:\/\/semanarural.ufrrj.br\/2026\/wp-json\/wp\/v2\/pages\/2193","targetHints":{"allow":["GET"]}}],"collection":[{"href":"https:\/\/semanarural.ufrrj.br\/2026\/wp-json\/wp\/v2\/pages"}],"about":[{"href":"https:\/\/semanarural.ufrrj.br\/2026\/wp-json\/wp\/v2\/types\/page"}],"author":[{"embeddable":true,"href":"https:\/\/semanarural.ufrrj.br\/2026\/wp-json\/wp\/v2\/users\/7"}],"replies":[{"embeddable":true,"href":"https:\/\/semanarural.ufrrj.br\/2026\/wp-json\/wp\/v2\/comments?post=2193"}],"version-history":[{"count":33,"href":"https:\/\/semanarural.ufrrj.br\/2026\/wp-json\/wp\/v2\/pages\/2193\/revisions"}],"predecessor-version":[{"id":2234,"href":"https:\/\/semanarural.ufrrj.br\/2026\/wp-json\/wp\/v2\/pages\/2193\/revisions\/2234"}],"wp:attachment":[{"href":"https:\/\/semanarural.ufrrj.br\/2026\/wp-json\/wp\/v2\/media?parent=2193"}],"curies":[{"name":"wp","href":"https:\/\/api.w.org\/{rel}","templated":true}]}}